{"id":4670,"date":"2022-11-02T19:59:58","date_gmt":"2022-11-02T19:59:58","guid":{"rendered":"https:\/\/pharaohreisen.com\/?post_type=product&#038;p=4670"},"modified":"2022-12-15T21:23:08","modified_gmt":"2022-12-15T21:23:08","slug":"cairo-flight","status":"publish","type":"product","link":"https:\/\/tierra-tour.com\/de\/produkt\/cairo-flight\/","title":{"rendered":"Kairo mit flug"},"content":{"rendered":"<h2>\u00dcbersicht<\/h2>\n<div data-track=\"overview\" data-v-682f2170=\"\">\n<section id=\"activity-overview\" class=\"activity-overview\" data-component=\"overview\" data-v-316219c4=\"\" data-v-682f2170=\"\">\n<p class=\"activity-overview__content activity-overview__content--certified\" data-test-id=\"activity-overview-content\" data-v-316219c4=\"\">Kairo Tagesausflug von Hurghada mit dem Flugzeug. Besuchen Sie die Pyramiden von Gizeh, das \u00c4gyptische Museum und shoppen Sie auf dem ber\u00fchmten Basar von Kairo, Khan El Khalili, alles an einem Tag.<\/p>\n<\/section>\n<\/div>\n<div data-track=\"key-details\" data-v-682f2170=\"\">\n<p>Ersparen Sie sich den 10-st\u00fcndigen Hin- und R\u00fcckflug und reisen Sie stilvoll mit dem Flugzeug nach Kairo. Auf dieser umfassenden Tour in kleiner Gruppe, die sich perfekt f\u00fcr Erstbesucher eignet, sehen Sie die H\u00f6hepunkte des alten \u00c4gyptens: die Pyramiden von Gizeh, die Gro\u00dfe Sphinx, den Taltempel und das \u00c4gyptische Altertumsmuseum. Dann entdecken Sie das alte Kairo: die H\u00e4ngende Kirche, die Ben-Ezra-Synagoge und den Khan Al-Khalili-Basar. Die Tour beinhaltet Fl\u00fcge, Mittagessen und Transfers.<\/p>\n<\/div>\n<h3><strong>Tour Highlights<\/strong><\/h3>\n<ul>\n<li>Abholzeit vom Hotel in Hurghada<\/li>\n<li>Besichtigung der wichtigsten Sehensw\u00fcrdigkeiten mit einem Reisef\u00fchrer<\/li>\n<li>Besuch der Pyramiden von Gizeh<\/li>\n<li>Besuchen Sie das Papyrus-Institut<\/li>\n<li>Mittagessen im Restaurant mit Blick auf die Pyramiden<\/li>\n<li>Besuchen Sie das \u00c4gyptische Museum<\/li>\n<li>Khan El Khalilli-Basar<\/li>\n<li>Abfahrt zum Flughafen von Kairo<\/li>\n<li>Abholung und R\u00fcckgabe an Hotels in Hurghada<\/li>\n<\/ul>","protected":false},"excerpt":{"rendered":"<p>Overview Cairo day Trip from Hurghada by plane. Visit the Giza Pyramids, the Egyptian museum, with shopping at Cairo\u2019s famous bazaar, Khan El Khalili all in one day With A private tour guide Spare yourself the 10-hour round trip and travel to Cairo in style\u2014by plane. On this comprehensive small-group tour that\u2019s perfect for first-time [&hellip;]<\/p>","protected":false},"featured_media":4647,"comment_status":"closed","ping_status":"closed","template":"","meta":[],"product_brand":[],"product_cat":[46,45],"product_tag":[56,61,57],"class_list":{"0":"post-4670","1":"product","2":"type-product","3":"status-publish","4":"has-post-thumbnail","6":"product_cat-cultural-trips","7":"product_cat-daily-trips","8":"product_tag-cairo","9":"product_tag-cairo-flight","10":"product_tag-cairo-trip","12":"first","13":"instock","14":"sale","15":"shipping-taxable","16":"purchasable","17":"product-type-ovabrw_car_rental"},"_links":{"self":[{"href":"https:\/\/tierra-tour.com\/de\/wp-json\/wp\/v2\/product\/4670","targetHints":{"allow":["GET"]}}],"collection":[{"href":"https:\/\/tierra-tour.com\/de\/wp-json\/wp\/v2\/product"}],"about":[{"href":"https:\/\/tierra-tour.com\/de\/wp-json\/wp\/v2\/types\/product"}],"replies":[{"embeddable":true,"href":"https:\/\/tierra-tour.com\/de\/wp-json\/wp\/v2\/comments?post=4670"}],"wp:featuredmedia":[{"embeddable":true,"href":"https:\/\/tierra-tour.com\/de\/wp-json\/wp\/v2\/media\/4647"}],"wp:attachment":[{"href":"https:\/\/tierra-tour.com\/de\/wp-json\/wp\/v2\/media?parent=4670"}],"wp:term":[{"taxonomy":"product_brand","embeddable":true,"href":"https:\/\/tierra-tour.com\/de\/wp-json\/wp\/v2\/product_brand?post=4670"},{"taxonomy":"product_cat","embeddable":true,"href":"https:\/\/tierra-tour.com\/de\/wp-json\/wp\/v2\/product_cat?post=4670"},{"taxonomy":"product_tag","embeddable":true,"href":"https:\/\/tierra-tour.com\/de\/wp-json\/wp\/v2\/product_tag?post=4670"}],"curies":[{"name":"wp","href":"https:\/\/api.w.org\/{rel}","templated":true}]}}