{"id":4673,"date":"2022-11-02T21:12:02","date_gmt":"2022-11-02T21:12:02","guid":{"rendered":"https:\/\/pharaohreisen.com\/?post_type=product&#038;p=4673"},"modified":"2022-12-15T21:22:38","modified_gmt":"2022-12-15T21:22:38","slug":"orange-bay","status":"publish","type":"product","link":"https:\/\/tierra-tour.com\/de\/produkt\/orange-bay\/","title":{"rendered":"Orange Bay"},"content":{"rendered":"<h2>\u00dcbersicht<\/h2>\n<div data-track=\"overview\" data-v-682f2170=\"\">\n<section id=\"activity-overview\" class=\"activity-overview\" data-component=\"overview\" data-v-316219c4=\"\" data-v-682f2170=\"\">Erleben Sie das kristallklare Wasser der Orange Bay der Giftun-Inseln bei diesem Wassersport-Tagesausflug ab Hurghada. Mit Hin- und R\u00fcckfahrt zum Meeresschutzgebiet im Roten Meer und einer Bootsfahrt vor Ort haben Sie alles, was Sie brauchen, um die Str\u00e4nde und die Unterwasserwelt zu genie\u00dfen. Mittagessen, Regenschirm und Wassersportausr\u00fcstung werden gestellt.<\/p>\n<h3 class=\"activity-overview__content activity-overview__content--certified\" data-test-id=\"activity-overview-content\"><strong>Tour Highlights<\/strong><\/h3>\n<\/section>\n<\/div>\n<ul>\n<li>Abholzeit vom Hotel in Hurghada<\/li>\n<li>Entfliehen Sie der Hitze mit einem klimatisierten Transport ab Ihrem Hotel<\/li>\n<li>Nutzen Sie die bereitgestellte Schnorchelausr\u00fcstung, um die Korallen und Fische der Orange Bay zu beobachten.<\/li>\n<li>Packen Sie nicht Ihr eigenes Mittagessen ein, sondern genie\u00dfen Sie eine Mahlzeit in der Mitte der Tour.<\/li>\n<li>Auf einem Bananenboot \u00fcber die Wellen rasen bei einem Wassersportstopp<\/li>\n<\/ul>\n<h3 class=\"activity-overview__content activity-overview__content--certified\" data-test-id=\"activity-overview-content\"><strong>Private Tour ( 2 &#8211; 5 Pax )<\/strong><\/h3>\n<p>Jetzt k\u00f6nnen Sie diese Tour auch privat mit dem Schnellboot buchen und einen ganzt\u00e4gigen privaten Schnorchelausflug auf das Rote Meer unternehmen.<\/p>\n<p>In nur 20 Minuten erreichen Sie mit dem privaten Schnellboot die atemberaubende Sch\u00f6nheit des Strandes Orange Bay auf der Insel Giftun.<\/p>\n<div class=\"col-md-6\">\n<p class=\"describe-medium-sub gray-light\">Einer der Hauptvorteile von Orange Bay mit dem Schnellboot ist die Flexibilit\u00e4t: Sie k\u00f6nnen Ihre bevorzugte Abfahrtszeit und die gew\u00fcnschte Dauer auf der Insel w\u00e4hlen und sogar einen Halt zum Schnorcheln an einem der erstaunlichen Riffe in der Umgebung einplanen.<\/p>\n<\/div>\n<div class=\"col-md-6\"><img fetchpriority=\"high\" decoding=\"async\" class=\"alignnone size-medium wp-image-5258\" src=\"http:\/\/tierra-tour.com\/wp-content\/uploads\/2022\/11\/d1-300x200.jpg\" alt=\"\" width=\"300\" height=\"200\" srcset=\"https:\/\/tierra-tour.com\/wp-content\/uploads\/2022\/11\/d1-300x200.jpg 300w, https:\/\/tierra-tour.com\/wp-content\/uploads\/2022\/11\/d1-18x12.jpg 18w, https:\/\/tierra-tour.com\/wp-content\/uploads\/2022\/11\/d1-636x426.jpg 636w, https:\/\/tierra-tour.com\/wp-content\/uploads\/2022\/11\/d1-600x400.jpg 600w, https:\/\/tierra-tour.com\/wp-content\/uploads\/2022\/11\/d1.jpg 720w\" sizes=\"(max-width: 300px) 100vw, 300px\" \/> <img decoding=\"async\" class=\"alignnone size-medium wp-image-5259\" src=\"http:\/\/tierra-tour.com\/wp-content\/uploads\/2022\/11\/aa-1-300x200.jpg\" alt=\"\" width=\"300\" height=\"200\" srcset=\"https:\/\/tierra-tour.com\/wp-content\/uploads\/2022\/11\/aa-1-300x200.jpg 300w, https:\/\/tierra-tour.com\/wp-content\/uploads\/2022\/11\/aa-1-18x12.jpg 18w, https:\/\/tierra-tour.com\/wp-content\/uploads\/2022\/11\/aa-1-636x426.jpg 636w, https:\/\/tierra-tour.com\/wp-content\/uploads\/2022\/11\/aa-1-600x400.jpg 600w, https:\/\/tierra-tour.com\/wp-content\/uploads\/2022\/11\/aa-1.jpg 720w\" sizes=\"(max-width: 300px) 100vw, 300px\" \/> <img decoding=\"async\" class=\"alignnone size-medium wp-image-5260\" src=\"http:\/\/tierra-tour.com\/wp-content\/uploads\/2022\/11\/0f-1-300x200.jpg\" alt=\"\" width=\"300\" height=\"200\" srcset=\"https:\/\/tierra-tour.com\/wp-content\/uploads\/2022\/11\/0f-1-300x200.jpg 300w, https:\/\/tierra-tour.com\/wp-content\/uploads\/2022\/11\/0f-1-18x12.jpg 18w, https:\/\/tierra-tour.com\/wp-content\/uploads\/2022\/11\/0f-1-636x426.jpg 636w, https:\/\/tierra-tour.com\/wp-content\/uploads\/2022\/11\/0f-1-600x400.jpg 600w, https:\/\/tierra-tour.com\/wp-content\/uploads\/2022\/11\/0f-1.jpg 720w\" sizes=\"(max-width: 300px) 100vw, 300px\" \/> <img loading=\"lazy\" decoding=\"async\" class=\"alignnone size-medium wp-image-5261\" src=\"http:\/\/tierra-tour.com\/wp-content\/uploads\/2022\/11\/screenshot-20201003-091527-300x200.jpg\" alt=\"\" width=\"300\" height=\"200\" srcset=\"https:\/\/tierra-tour.com\/wp-content\/uploads\/2022\/11\/screenshot-20201003-091527-300x200.jpg 300w, https:\/\/tierra-tour.com\/wp-content\/uploads\/2022\/11\/screenshot-20201003-091527-1024x683.jpg 1024w, https:\/\/tierra-tour.com\/wp-content\/uploads\/2022\/11\/screenshot-20201003-091527-768x512.jpg 768w, https:\/\/tierra-tour.com\/wp-content\/uploads\/2022\/11\/screenshot-20201003-091527-18x12.jpg 18w, https:\/\/tierra-tour.com\/wp-content\/uploads\/2022\/11\/screenshot-20201003-091527-636x426.jpg 636w, https:\/\/tierra-tour.com\/wp-content\/uploads\/2022\/11\/screenshot-20201003-091527-600x400.jpg 600w, https:\/\/tierra-tour.com\/wp-content\/uploads\/2022\/11\/screenshot-20201003-091527.jpg 1080w\" sizes=\"(max-width: 300px) 100vw, 300px\" \/> <img loading=\"lazy\" decoding=\"async\" class=\"alignnone size-medium wp-image-5262\" src=\"http:\/\/tierra-tour.com\/wp-content\/uploads\/2022\/11\/img-20201005-wa0185-largejpg-300x225.jpg\" alt=\"\" width=\"300\" height=\"225\" srcset=\"https:\/\/tierra-tour.com\/wp-content\/uploads\/2022\/11\/img-20201005-wa0185-largejpg-300x225.jpg 300w, https:\/\/tierra-tour.com\/wp-content\/uploads\/2022\/11\/img-20201005-wa0185-largejpg-1024x766.jpg 1024w, https:\/\/tierra-tour.com\/wp-content\/uploads\/2022\/11\/img-20201005-wa0185-largejpg-768x575.jpg 768w, https:\/\/tierra-tour.com\/wp-content\/uploads\/2022\/11\/img-20201005-wa0185-largejpg-16x12.jpg 16w, https:\/\/tierra-tour.com\/wp-content\/uploads\/2022\/11\/img-20201005-wa0185-largejpg-600x449.jpg 600w, https:\/\/tierra-tour.com\/wp-content\/uploads\/2022\/11\/img-20201005-wa0185-largejpg.jpg 1200w\" sizes=\"(max-width: 300px) 100vw, 300px\" \/> <img loading=\"lazy\" decoding=\"async\" class=\"alignnone size-medium wp-image-5263\" src=\"http:\/\/tierra-tour.com\/wp-content\/uploads\/2022\/11\/20201006-101105-largejpg-300x202.jpg\" alt=\"\" width=\"300\" height=\"202\" srcset=\"https:\/\/tierra-tour.com\/wp-content\/uploads\/2022\/11\/20201006-101105-largejpg-300x202.jpg 300w, https:\/\/tierra-tour.com\/wp-content\/uploads\/2022\/11\/20201006-101105-largejpg-1024x690.jpg 1024w, https:\/\/tierra-tour.com\/wp-content\/uploads\/2022\/11\/20201006-101105-largejpg-768x518.jpg 768w, https:\/\/tierra-tour.com\/wp-content\/uploads\/2022\/11\/20201006-101105-largejpg-18x12.jpg 18w, https:\/\/tierra-tour.com\/wp-content\/uploads\/2022\/11\/20201006-101105-largejpg-416x280.jpg 416w, https:\/\/tierra-tour.com\/wp-content\/uploads\/2022\/11\/20201006-101105-largejpg-636x426.jpg 636w, https:\/\/tierra-tour.com\/wp-content\/uploads\/2022\/11\/20201006-101105-largejpg-600x404.jpg 600w, https:\/\/tierra-tour.com\/wp-content\/uploads\/2022\/11\/20201006-101105-largejpg.jpg 1080w\" sizes=\"(max-width: 300px) 100vw, 300px\" \/><\/div>\n<div><\/div>\n<div>[table id=4 \/]<\/div>\n<div><\/div>","protected":false},"excerpt":{"rendered":"<p>There is a adas asd asdas das dasdas dasdasdasd<\/p>","protected":false},"featured_media":4674,"comment_status":"closed","ping_status":"closed","template":"","meta":[],"product_brand":[],"product_cat":[45,43],"product_tag":[64,65,66,63,62,67],"class_list":{"0":"post-4673","1":"product","2":"type-product","3":"status-publish","4":"has-post-thumbnail","6":"product_cat-daily-trips","7":"product_cat-sea-trips","8":"product_tag-bay","9":"product_tag-giftun","10":"product_tag-giftun-island","11":"product_tag-orange","12":"product_tag-orange-bay","13":"product_tag-orange-island","15":"first","16":"instock","17":"sale","18":"shipping-taxable","19":"purchasable","20":"product-type-ovabrw_car_rental"},"_links":{"self":[{"href":"https:\/\/tierra-tour.com\/de\/wp-json\/wp\/v2\/product\/4673","targetHints":{"allow":["GET"]}}],"collection":[{"href":"https:\/\/tierra-tour.com\/de\/wp-json\/wp\/v2\/product"}],"about":[{"href":"https:\/\/tierra-tour.com\/de\/wp-json\/wp\/v2\/types\/product"}],"replies":[{"embeddable":true,"href":"https:\/\/tierra-tour.com\/de\/wp-json\/wp\/v2\/comments?post=4673"}],"wp:featuredmedia":[{"embeddable":true,"href":"https:\/\/tierra-tour.com\/de\/wp-json\/wp\/v2\/media\/4674"}],"wp:attachment":[{"href":"https:\/\/tierra-tour.com\/de\/wp-json\/wp\/v2\/media?parent=4673"}],"wp:term":[{"taxonomy":"product_brand","embeddable":true,"href":"https:\/\/tierra-tour.com\/de\/wp-json\/wp\/v2\/product_brand?post=4673"},{"taxonomy":"product_cat","embeddable":true,"href":"https:\/\/tierra-tour.com\/de\/wp-json\/wp\/v2\/product_cat?post=4673"},{"taxonomy":"product_tag","embeddable":true,"href":"https:\/\/tierra-tour.com\/de\/wp-json\/wp\/v2\/product_tag?post=4673"}],"curies":[{"name":"wp","href":"https:\/\/api.w.org\/{rel}","templated":true}]}}