{"id":4686,"date":"2022-11-02T21:35:19","date_gmt":"2022-11-02T21:35:19","guid":{"rendered":"https:\/\/pharaohreisen.com\/?post_type=product&#038;p=4686"},"modified":"2022-12-15T21:00:12","modified_gmt":"2022-12-15T21:00:12","slug":"mahmya-island","status":"publish","type":"product","link":"https:\/\/tierra-tour.com\/de\/produkt\/mahmya-island\/","title":{"rendered":"Mahmya-Insel"},"content":{"rendered":"<h2>\u00dcbersicht<\/h2>\n<div data-track=\"overview\" data-v-682f2170=\"\">\n<section id=\"activity-overview\" class=\"activity-overview\" data-component=\"overview\" data-v-316219c4=\"\" data-v-682f2170=\"\">\n<header class=\"header\">\n<div class=\"texth\">\n<p>Genie\u00dfen Sie einen aufregenden Tag, Mahmya Island Schnorchelausflug von Hurghada, Genie\u00dfen Sie den sch\u00f6nen Strand und Schnorcheln an sch\u00f6nen Riffen auf einer Insel eine Stunde Entspannen Sie sich am Strand in der Sonne oder entdecken Sie die einzigartige Vielfalt der Fische entlang der K\u00fcste.<\/p>\n<\/div>\n<\/header>\n<h3 class=\"activity-overview__content activity-overview__content--certified\" data-test-id=\"activity-overview-content\"><strong>Tour Highlights<\/strong><\/h3>\n<\/section>\n<\/div>\n<ul>\n<li>Abholzeit vom Hotel in Hurghada<\/li>\n<li>Erkunden Sie die Unterwasserwelt des Roten Meeres<\/li>\n<li>Segeln Sie zur gesch\u00fctzten Insel Mahmya<\/li>\n<li>Halten Sie Ausschau nach den verspielten Delfinen im Giftun Island National Park<\/li>\n<li>Genie\u00dfen Sie ein Mittagessen mit Meeresfr\u00fcchten und italienischen Spezialit\u00e4ten<\/li>\n<li>Entspannen Sie sich an wei\u00dfen Sandstr\u00e4nden und schwimmen Sie im kristallklaren Meer<\/li>\n<\/ul>\n<p class=\"cr-admin-shortcodes-large\">","protected":false},"excerpt":{"rendered":"<p>Overview Enjoy an exciting day, Mahmya Island Snorkeling trip from Hurghada, Enjoy the beautiful beach and snorkeling on beautiful reefs on an island an hour Relax on the beach in the sunshine or discover the unique variety of fish along the coast. Tour Highlights Pick up time from hotel in Hurghada Explore the underwater world [&hellip;]<\/p>","protected":false},"featured_media":4688,"comment_status":"closed","ping_status":"closed","template":"","meta":[],"product_brand":[],"product_cat":[45,43],"product_tag":[68,69,62],"class_list":{"0":"post-4686","1":"product","2":"type-product","3":"status-publish","4":"has-post-thumbnail","6":"product_cat-daily-trips","7":"product_cat-sea-trips","8":"product_tag-mahmya","9":"product_tag-mahmya-island","10":"product_tag-orange-bay","12":"first","13":"instock","14":"sale","15":"shipping-taxable","16":"purchasable","17":"product-type-ovabrw_car_rental"},"_links":{"self":[{"href":"https:\/\/tierra-tour.com\/de\/wp-json\/wp\/v2\/product\/4686","targetHints":{"allow":["GET"]}}],"collection":[{"href":"https:\/\/tierra-tour.com\/de\/wp-json\/wp\/v2\/product"}],"about":[{"href":"https:\/\/tierra-tour.com\/de\/wp-json\/wp\/v2\/types\/product"}],"replies":[{"embeddable":true,"href":"https:\/\/tierra-tour.com\/de\/wp-json\/wp\/v2\/comments?post=4686"}],"wp:featuredmedia":[{"embeddable":true,"href":"https:\/\/tierra-tour.com\/de\/wp-json\/wp\/v2\/media\/4688"}],"wp:attachment":[{"href":"https:\/\/tierra-tour.com\/de\/wp-json\/wp\/v2\/media?parent=4686"}],"wp:term":[{"taxonomy":"product_brand","embeddable":true,"href":"https:\/\/tierra-tour.com\/de\/wp-json\/wp\/v2\/product_brand?post=4686"},{"taxonomy":"product_cat","embeddable":true,"href":"https:\/\/tierra-tour.com\/de\/wp-json\/wp\/v2\/product_cat?post=4686"},{"taxonomy":"product_tag","embeddable":true,"href":"https:\/\/tierra-tour.com\/de\/wp-json\/wp\/v2\/product_tag?post=4686"}],"curies":[{"name":"wp","href":"https:\/\/api.w.org\/{rel}","templated":true}]}}