{"id":4779,"date":"2022-11-03T21:00:07","date_gmt":"2022-11-03T21:00:07","guid":{"rendered":"https:\/\/pharaohreisen.com\/?post_type=product&#038;p=4779"},"modified":"2022-12-15T21:22:17","modified_gmt":"2022-12-15T21:22:17","slug":"quad-3-hours","status":"publish","type":"product","link":"https:\/\/tierra-tour.com\/de\/produkt\/quad-3-hours\/","title":{"rendered":"Quad 3 Std."},"content":{"rendered":"<h2>\u00dcbersicht<\/h2>\n<div data-track=\"overview\" data-v-682f2170=\"\">\n<section id=\"activity-overview\" class=\"activity-overview\" data-component=\"overview\" data-v-316219c4=\"\" data-v-682f2170=\"\">\n<header class=\"header\">\n<div class=\"texth\">\n<p>Rasen Sie auf einem Gel\u00e4ndewagen (ATV) durch die Sandd\u00fcnen bei diesem unverwechselbaren W\u00fcstenabenteuer, das auf Adrenalinjunkies zugeschnitten ist. Nach einer kurzen Einweisung und einer Probefahrt k\u00f6nnen Sie Ihre Fahrk\u00fcnste unter Beweis stellen, w\u00e4hrend Sie zu einem Beduinendorf rasen, wo Sie sich bei schwarzem Tee entspannen, den lokalen Lebensstil kennenlernen und einen Kamelritt genie\u00dfen k\u00f6nnen. In Ihrem Paket ist der Hoteltransfer inbegriffen; auf Wunsch k\u00f6nnen Sie die Tour auch privat machen.<\/p>\n<\/div>\n<\/header>\n<h3 class=\"activity-overview__content activity-overview__content--certified\" data-test-id=\"activity-overview-content\"><strong>Tour Highlights<\/strong><\/h3>\n<\/section>\n<\/div>\n<ul>\n<li>Erkunden Sie die W\u00fcste von Hurghada auf einem ATV mit einem Instruktor\/F\u00fchrer<\/li>\n<li>Erleben Sie das Leben der Beduinen in einem traditionellen Dorf und reiten Sie sogar auf einem Kamel<\/li>\n<li>Gro\u00dfe Auswahl an Abfahrtszeiten w\u00e4hrend des Tages<\/li>\n<li>Hin- und R\u00fccktransfers machen das Leben einfach, mit Abholung von Ihrem Hotel in Hurghada<\/li>\n<\/ul>","protected":false},"excerpt":{"rendered":"<p>Overview Roar through the sand dunes on an all-terrain vehicle (ATV) on this signature desert adventure, tailored to adrenaline junkies. After a short lesson and a test drive, challenge your driving skills as you race to a Bedouin village to unwind over black tea, discover the local lifestyles, and enjoy a camel ride. For ease, [&hellip;]<\/p>","protected":false},"featured_media":4783,"comment_status":"closed","ping_status":"closed","template":"","meta":[],"product_brand":[],"product_cat":[45,44],"product_tag":[70,72,71,73],"class_list":{"0":"post-4779","1":"product","2":"type-product","3":"status-publish","4":"has-post-thumbnail","6":"product_cat-daily-trips","7":"product_cat-desert-trips","8":"product_tag-quad","9":"product_tag-quad-3hours","10":"product_tag-quad-bike","11":"product_tag-quad-hurghada","13":"first","14":"instock","15":"sale","16":"shipping-taxable","17":"purchasable","18":"product-type-ovabrw_car_rental"},"_links":{"self":[{"href":"https:\/\/tierra-tour.com\/de\/wp-json\/wp\/v2\/product\/4779","targetHints":{"allow":["GET"]}}],"collection":[{"href":"https:\/\/tierra-tour.com\/de\/wp-json\/wp\/v2\/product"}],"about":[{"href":"https:\/\/tierra-tour.com\/de\/wp-json\/wp\/v2\/types\/product"}],"replies":[{"embeddable":true,"href":"https:\/\/tierra-tour.com\/de\/wp-json\/wp\/v2\/comments?post=4779"}],"wp:featuredmedia":[{"embeddable":true,"href":"https:\/\/tierra-tour.com\/de\/wp-json\/wp\/v2\/media\/4783"}],"wp:attachment":[{"href":"https:\/\/tierra-tour.com\/de\/wp-json\/wp\/v2\/media?parent=4779"}],"wp:term":[{"taxonomy":"product_brand","embeddable":true,"href":"https:\/\/tierra-tour.com\/de\/wp-json\/wp\/v2\/product_brand?post=4779"},{"taxonomy":"product_cat","embeddable":true,"href":"https:\/\/tierra-tour.com\/de\/wp-json\/wp\/v2\/product_cat?post=4779"},{"taxonomy":"product_tag","embeddable":true,"href":"https:\/\/tierra-tour.com\/de\/wp-json\/wp\/v2\/product_tag?post=4779"}],"curies":[{"name":"wp","href":"https:\/\/api.w.org\/{rel}","templated":true}]}}