{"id":4791,"date":"2022-11-03T21:17:21","date_gmt":"2022-11-03T21:17:21","guid":{"rendered":"https:\/\/pharaohreisen.com\/?post_type=product&#038;p=4791"},"modified":"2022-12-15T21:21:58","modified_gmt":"2022-12-15T21:21:58","slug":"super-safari","status":"publish","type":"product","link":"https:\/\/tierra-tour.com\/de\/produkt\/super-safari\/","title":{"rendered":"Super Safari"},"content":{"rendered":"<h2>\u00dcbersicht<\/h2>\n<div data-track=\"overview\" data-v-682f2170=\"\">\n<section id=\"activity-overview\" class=\"activity-overview\" data-component=\"overview\" data-v-316219c4=\"\" data-v-682f2170=\"\">\n<header class=\"header\">\n<div class=\"texth\">\n<p>Super Safari ist ein wunderbarer Ausflug mit vielen Aktivit\u00e4ten in der W\u00fcste. Wenn Sie also ein gro\u00dfes Abenteuer in der \u00f6stlichen W\u00fcste erleben m\u00f6chten, z\u00f6gern Sie nicht und kontaktieren Sie uns. Der Tag beginnt damit, dass wir Sie mit einem 4\u00d74 Jeep von Ihrem Hotel in die W\u00fcste bringen, die W\u00fcste genie\u00dfen, die Fata Morgana sehen und auf D\u00fcnen klettern.<\/p>\n<\/div>\n<\/header>\n<h3 class=\"activity-overview__content activity-overview__content--certified\" data-test-id=\"activity-overview-content\"><strong>Tour Highlights<\/strong><\/h3>\n<\/section>\n<\/div>\n<ul>\n<li>Genie\u00dfen Sie ein BBQ-Abendessen mit k\u00f6stlichen gegrillten K\u00f6stlichkeiten w\u00e4hrend der orientalischen Show<\/li>\n<li>Machen Sie einen aufregenden Kamelritt in der W\u00fcste<\/li>\n<li>Erleben Sie eine aufregende Jeep-, ATV-Quad- und Buggy-Safari<\/li>\n<li>Besuch eines Beduinendorfs in der W\u00fcste<\/li>\n<li>Schl\u00fcrfen Sie einen leckeren, hei\u00dfen Beduinentee mit Einheimischen<\/li>\n<\/ul>","protected":false},"excerpt":{"rendered":"<p>Overview Super Safari is a wonderful excursion with many activities in the desert. So, if you want a great adventure in the Eastern Desert, do not hesitate and contact us. The day begins with taking you from your hotel to the desert with a 4&#215;4 jeep, enjoying the desert, seeing the mirage and climbing dunes. [&hellip;]<\/p>","protected":false},"featured_media":4796,"comment_status":"closed","ping_status":"closed","template":"","meta":[],"product_brand":[],"product_cat":[45,44],"product_tag":[70,71,73,74,75],"class_list":{"0":"post-4791","1":"product","2":"type-product","3":"status-publish","4":"has-post-thumbnail","6":"product_cat-daily-trips","7":"product_cat-desert-trips","8":"product_tag-quad","9":"product_tag-quad-bike","10":"product_tag-quad-hurghada","11":"product_tag-safari","12":"product_tag-super-safari","14":"first","15":"instock","16":"sale","17":"shipping-taxable","18":"purchasable","19":"product-type-ovabrw_car_rental"},"_links":{"self":[{"href":"https:\/\/tierra-tour.com\/de\/wp-json\/wp\/v2\/product\/4791","targetHints":{"allow":["GET"]}}],"collection":[{"href":"https:\/\/tierra-tour.com\/de\/wp-json\/wp\/v2\/product"}],"about":[{"href":"https:\/\/tierra-tour.com\/de\/wp-json\/wp\/v2\/types\/product"}],"replies":[{"embeddable":true,"href":"https:\/\/tierra-tour.com\/de\/wp-json\/wp\/v2\/comments?post=4791"}],"wp:featuredmedia":[{"embeddable":true,"href":"https:\/\/tierra-tour.com\/de\/wp-json\/wp\/v2\/media\/4796"}],"wp:attachment":[{"href":"https:\/\/tierra-tour.com\/de\/wp-json\/wp\/v2\/media?parent=4791"}],"wp:term":[{"taxonomy":"product_brand","embeddable":true,"href":"https:\/\/tierra-tour.com\/de\/wp-json\/wp\/v2\/product_brand?post=4791"},{"taxonomy":"product_cat","embeddable":true,"href":"https:\/\/tierra-tour.com\/de\/wp-json\/wp\/v2\/product_cat?post=4791"},{"taxonomy":"product_tag","embeddable":true,"href":"https:\/\/tierra-tour.com\/de\/wp-json\/wp\/v2\/product_tag?post=4791"}],"curies":[{"name":"wp","href":"https:\/\/api.w.org\/{rel}","templated":true}]}}