{"id":4978,"date":"2022-11-06T23:34:14","date_gmt":"2022-11-06T23:34:14","guid":{"rendered":"https:\/\/pharaohreisen.com\/?post_type=product&#038;p=4978"},"modified":"2022-12-15T21:18:12","modified_gmt":"2022-12-15T21:18:12","slug":"city-tour-hurghada","status":"publish","type":"product","link":"https:\/\/tierra-tour.com\/de\/produkt\/city-tour-hurghada\/","title":{"rendered":"Stadtrundfahrt Hurghada"},"content":{"rendered":"<h2>\u00dcbersicht<\/h2>\n<div data-track=\"overview\" data-v-682f2170=\"\">\n<section id=\"activity-overview\" class=\"activity-overview\" data-component=\"overview\" data-v-316219c4=\"\" data-v-682f2170=\"\">\n<div data-track=\"overview\" data-v-518fc7ba=\"\">\n<section id=\"activity-overview\" class=\"activity-overview\" data-component=\"overview\" data-v-316219c4=\"\" data-v-518fc7ba=\"\">\n<p class=\"activity-overview__content\" data-test-id=\"activity-overview-content\" data-v-316219c4=\"\">Entdecken Sie Hurghada auf einer gef\u00fchrten Tour und besuchen Sie die Moschee, die Kirche und den Hafen. Erkunden Sie das alte Viertel El Dahar mit seinem traditionellen \u00e4gyptischen Flair und kaufen Sie in den belebten Souks der Altstadt ein.<\/p>\n<\/section>\n<\/div>\n<div data-track=\"key-details\" data-v-518fc7ba=\"\">Entdecken Sie die Geschichte einer sehr alten Stadt, sehen Sie den \u00e4ltesten Teil von Hurghada (El Dahar) mit seiner erstaunlichen Markt dann besuchen Sie die \u00e4lteste Kirche in Hurghada dann fahren Sie zu den neuen Marine Moschee, besuchen Sie die Moschee und zu Fu\u00df zum Fischereihafen und sehen Sie den Fischmarkt und haben eine Zeit in der neuen Hurghada Marine, wenn Sie brauchen, um ein Getr\u00e4nk dann freie Zeit zum Einkaufen in Hurghada Bunte Basar Dann fahren Sie zur\u00fcck zum Hotel Hurghada.<\/div>\n<div data-track=\"key-details\" data-v-518fc7ba=\"\"><\/div>\n<\/section>\n<\/div>\n<div data-track=\"key-details\" data-v-682f2170=\"\">\n<div data-track=\"overview\" data-v-682f2170=\"\">\n<section id=\"activity-overview\" class=\"activity-overview\" data-component=\"overview\" data-v-316219c4=\"\" data-v-682f2170=\"\">\n<div data-track=\"overview\" data-v-48163eac=\"\">\n<section id=\"activity-overview\" class=\"activity-overview activity-overview--certified\" data-component=\"overview\" data-v-316219c4=\"\" data-v-48163eac=\"\">You not only want to get to know Cairo and Luxor better, but also your immediate surrounding \u2013 the former fishing town of Hurghada on the Red Sea? We\u2019ll take you on a tour through the city.Hurghada is certainly no longer a small town, because the former fishing village now has almost 200,000 inhabitants and is, by (German) definition, already one of the bigger cities.If you are curious about the city you stay in and want to get to know Hurghada better with its local features and traditions, then the city tour is just the right thing to do for you.With our comfortable bus we will take you to the most interesting places in Hurghada. You will see the new Marina, new and old mosques, the Coptic church and the local vegetable market.We\u2019ll stop several times, so you can take photos and go shopping for souvenirs. At the end of the tour, we will take you back to your hotel.<\/p>\n<\/section>\n<\/div>\n<\/section>\n<\/div>\n<\/div>\n<h3>Tour Highlights<\/h3>\n<ul>\n<li>Besuch der gr\u00f6\u00dften Moschee Hurghadas und der Marienkirche<\/li>\n<li>Erkunden Sie die verschiedenen Stadtteile Hurghadas<\/li>\n<li>Sehen Sie, wie Fischerboote nach traditionellen Methoden gebaut und restauriert werden<\/li>\n<li>Besuchen Sie die Altstadt mit ihrem urspr\u00fcnglichen Charakter<\/li>\n<li>Beobachten Sie die Unterwasserwelt des Roten Meeres, ohne nass zu werden, im Aquarium<\/li>\n<\/ul>","protected":false},"excerpt":{"rendered":"<p>Overview Discover Hurghada on a guided tour and visit the Mosque, Church, and Harbor. Explore the old district of El Dahar with its traditional Egyptian flair, and shop in the bustling souks of the old town. Discover the history of a very old city , see the oldest Part of Hurghada\u00a0( El Dahar) with It`s [&hellip;]<\/p>","protected":false},"featured_media":5023,"comment_status":"closed","ping_status":"closed","template":"","meta":[],"product_brand":[],"product_cat":[46,45],"product_tag":[92,91,94,93],"class_list":{"0":"post-4978","1":"product","2":"type-product","3":"status-publish","4":"has-post-thumbnail","6":"product_cat-cultural-trips","7":"product_cat-daily-trips","8":"product_tag-city","9":"product_tag-city-tour","10":"product_tag-hurghada","11":"product_tag-tour","13":"first","14":"instock","15":"sale","16":"shipping-taxable","17":"purchasable","18":"product-type-ovabrw_car_rental"},"_links":{"self":[{"href":"https:\/\/tierra-tour.com\/de\/wp-json\/wp\/v2\/product\/4978","targetHints":{"allow":["GET"]}}],"collection":[{"href":"https:\/\/tierra-tour.com\/de\/wp-json\/wp\/v2\/product"}],"about":[{"href":"https:\/\/tierra-tour.com\/de\/wp-json\/wp\/v2\/types\/product"}],"replies":[{"embeddable":true,"href":"https:\/\/tierra-tour.com\/de\/wp-json\/wp\/v2\/comments?post=4978"}],"wp:featuredmedia":[{"embeddable":true,"href":"https:\/\/tierra-tour.com\/de\/wp-json\/wp\/v2\/media\/5023"}],"wp:attachment":[{"href":"https:\/\/tierra-tour.com\/de\/wp-json\/wp\/v2\/media?parent=4978"}],"wp:term":[{"taxonomy":"product_brand","embeddable":true,"href":"https:\/\/tierra-tour.com\/de\/wp-json\/wp\/v2\/product_brand?post=4978"},{"taxonomy":"product_cat","embeddable":true,"href":"https:\/\/tierra-tour.com\/de\/wp-json\/wp\/v2\/product_cat?post=4978"},{"taxonomy":"product_tag","embeddable":true,"href":"https:\/\/tierra-tour.com\/de\/wp-json\/wp\/v2\/product_tag?post=4978"}],"curies":[{"name":"wp","href":"https:\/\/api.w.org\/{rel}","templated":true}]}}