{"id":5052,"date":"2022-11-08T23:11:13","date_gmt":"2022-11-08T23:11:13","guid":{"rendered":"https:\/\/pharaohreisen.com\/?post_type=product&#038;p=5052"},"modified":"2022-12-15T21:17:57","modified_gmt":"2022-12-15T21:17:57","slug":"city-tour-el-gouna","status":"publish","type":"product","link":"https:\/\/tierra-tour.com\/de\/produkt\/city-tour-el-gouna\/","title":{"rendered":"Stadtrundfahrt Elgouna"},"content":{"rendered":"<h2>\u00dcbersicht<\/h2>\n<div data-track=\"overview\" data-v-682f2170=\"\">\n<section id=\"activity-overview\" class=\"activity-overview\" data-component=\"overview\" data-v-316219c4=\"\" data-v-682f2170=\"\">\n<div data-track=\"overview\" data-v-518fc7ba=\"\">\n<section id=\"activity-overview\" class=\"activity-overview\" data-component=\"overview\" data-v-316219c4=\"\" data-v-518fc7ba=\"\">\n<p class=\"activity-overview__content\" data-test-id=\"activity-overview-content\" data-v-316219c4=\"\">Besuchen Sie mit uns den sch\u00f6nen Ferienort El Gouna. El Gouna wurde an der K\u00fcste des Roten Meeres auf kleinen Inseln gebaut und ist f\u00fcr seine sch\u00f6nen Str\u00e4nde und Riffe bekannt. Der wohl sch\u00f6nste Ort zum Verweilen ist der Yachthafen mit den Yachten und seinen netten Caf\u00e9s und Bars. Sie werden 1 Stunde lang mit einem Boot durch die Lagunen fahren und die einzigartige Atmosph\u00e4re des Ortes erleben. Anschlie\u00dfend besuchen Sie den Yachthafen, die Moschee und genie\u00dfen einen atemberaubenden Blick vom El Gouna Tower.<\/p>\n<div class=\"col-md-7\">\n<p class=\"p2-text space\">El Gouna ist zweifellos ein Juwel an der K\u00fcste des Roten Meeres, eine franz\u00f6sische Riviera \u00c4gyptens, wo wundersch\u00f6ne Yachten und eine einzigartige Architektur daf\u00fcr sorgen, dass Sie sich wie auf einer Postkarte f\u00fchlen. Die Stadt wurde von dem Telekommunikationsmagnaten Samir Sawires gegr\u00fcndet, der die Vision hatte, eine perfekte Urlaubsstadt zu errichten. Und genau das hat er getan.<\/p>\n<\/div>\n<h3 class=\"activity-overview__content\" data-test-id=\"activity-overview-content\">Tour Highlights<\/h3>\n<\/section>\n<\/div>\n<\/section>\n<\/div>\n<ul>\n<li>Genie\u00dfen Sie eine gef\u00fchrte Stadtrundfahrt durch El Gouna<\/li>\n<li>Bestaunen Sie die Yachten in der Abu Tig Marina<\/li>\n<li>Betreten Sie den El Gouna Tower und genie\u00dfen Sie die herrliche Aussicht auf die Umgebung<\/li>\n<li>Besuchen Sie das Aquarium von El Gouna und den Tamr Henna-Platz<\/li>\n<li>Ride between El Gouna\u2019s picturesque lagoons<\/li>\n<\/ul>\n<p>[WPCR_SHOW POSTID=&#8221;ALL&#8221; NUM=&#8221;5&#8243; PAGINATE=&#8221;1&#8243; PERPAGE=&#8221;5&#8243; SHOWFORM=&#8221;1&#8243; HIDEREVIEWS=&#8221;0&#8243; HIDERESPONSE=&#8221;0&#8243; SNIPPET=&#8221;&#8221; MORE=&#8221;&#8221; HIDECUSTOM=&#8221;0&#8243; ]<\/p>","protected":false},"excerpt":{"rendered":"<p>Overview Visit with us the beautiful resort of El Gouna. El Gouna was built on the coast of the Red Sea on small islands and is known for his beautiful beaches and reefs. Probably the most beautiful place to stay is the marina with the yachts and his nice cafe&#8217;s and bars. You will sail [&hellip;]<\/p>","protected":false},"featured_media":5054,"comment_status":"closed","ping_status":"closed","template":"","meta":[],"product_brand":[],"product_cat":[46,45],"product_tag":[92,91,94,93],"class_list":{"0":"post-5052","1":"product","2":"type-product","3":"status-publish","4":"has-post-thumbnail","6":"product_cat-cultural-trips","7":"product_cat-daily-trips","8":"product_tag-city","9":"product_tag-city-tour","10":"product_tag-hurghada","11":"product_tag-tour","13":"first","14":"instock","15":"sale","16":"shipping-taxable","17":"purchasable","18":"product-type-ovabrw_car_rental"},"_links":{"self":[{"href":"https:\/\/tierra-tour.com\/de\/wp-json\/wp\/v2\/product\/5052","targetHints":{"allow":["GET"]}}],"collection":[{"href":"https:\/\/tierra-tour.com\/de\/wp-json\/wp\/v2\/product"}],"about":[{"href":"https:\/\/tierra-tour.com\/de\/wp-json\/wp\/v2\/types\/product"}],"replies":[{"embeddable":true,"href":"https:\/\/tierra-tour.com\/de\/wp-json\/wp\/v2\/comments?post=5052"}],"wp:featuredmedia":[{"embeddable":true,"href":"https:\/\/tierra-tour.com\/de\/wp-json\/wp\/v2\/media\/5054"}],"wp:attachment":[{"href":"https:\/\/tierra-tour.com\/de\/wp-json\/wp\/v2\/media?parent=5052"}],"wp:term":[{"taxonomy":"product_brand","embeddable":true,"href":"https:\/\/tierra-tour.com\/de\/wp-json\/wp\/v2\/product_brand?post=5052"},{"taxonomy":"product_cat","embeddable":true,"href":"https:\/\/tierra-tour.com\/de\/wp-json\/wp\/v2\/product_cat?post=5052"},{"taxonomy":"product_tag","embeddable":true,"href":"https:\/\/tierra-tour.com\/de\/wp-json\/wp\/v2\/product_tag?post=5052"}],"curies":[{"name":"wp","href":"https:\/\/api.w.org\/{rel}","templated":true}]}}