{"id":5065,"date":"2022-11-09T23:20:27","date_gmt":"2022-11-09T23:20:27","guid":{"rendered":"https:\/\/pharaohreisen.com\/?post_type=product&#038;p=5065"},"modified":"2022-12-15T21:17:45","modified_gmt":"2022-12-15T21:17:45","slug":"hurghada-grand-aquarium","status":"publish","type":"product","link":"https:\/\/tierra-tour.com\/de\/produkt\/hurghada-grand-aquarium\/","title":{"rendered":"Hurghada Grand Aquarium"},"content":{"rendered":"<h2>\u00dcbersicht<\/h2>\n<div data-track=\"overview\" data-v-682f2170=\"\">\n<section id=\"activity-overview\" class=\"activity-overview\" data-component=\"overview\" data-v-316219c4=\"\" data-v-682f2170=\"\">\n<div data-track=\"overview\" data-v-ad6c2744=\"\">\n<section id=\"activity-overview\" class=\"activity-overview activity-overview--certified\" data-component=\"overview\" data-v-316219c4=\"\" data-v-ad6c2744=\"\">\n<div class=\"d-flex justify-content-end\">\n<div class=\"intro-modal modal modal-fullscreen fade description-modal show\" role=\"dialog\">\n<div class=\"modal-dialog modal-lg\" role=\"document\">\n<div class=\"modal-content border-0\">\n<div class=\"intro-modal-text mb-5 mx-5\">\n<p>Das Hurghada Grand Aquarium konzentriert sich auf die Unterwasserwelt, die vor der K\u00fcste liegt. Ganz gleich, ob Sie ein begeisterter Schnorchler sind oder einfach nur mehr \u00fcber die seltenen Korallenriffe der Welt erfahren m\u00f6chten, das Museum bietet viele Einblicke in die \u00f6kologische Umgebung des Roten Meeres, einschlie\u00dflich all der Tiere wie Haie und Schildkr\u00f6ten, die dort zu Hause sind.<\/p>\n<\/div>\n<\/div>\n<\/div>\n<\/div>\n<\/div>\n<\/section>\n<\/div>\n<h3 class=\"activity-overview__content activity-overview__content--certified\" data-test-id=\"activity-overview-content\"><strong>Tour Highlights<\/strong><\/h3>\n<\/section>\n<\/div>\n<ul>\n<li>Hurghada Grand Aquarium<\/li>\n<li>das Whale Valley Museum mit Audio, Video und Skeletten besuchen<\/li>\n<li>die H\u00e4ngebr\u00fccke besichtigen und die lustigen asiatischen H\u00e4ngebr\u00fccken erleben&nbsp;<\/li>\n<\/ul>","protected":false},"excerpt":{"rendered":"<p>Overview The Hurghada Grand Aquarium focuses on the the aquatic wonderland lying offshore. Whether you\u2019re a keen snorkeler or merely want to learn more about the world\u2019s rare coral reefs, the museum reveals plenty of insights into the Red Sea\u2019s ecological environment, including all the animals, like sharks and turtles, that call it home. Tour [&hellip;]<\/p>","protected":false},"featured_media":5067,"comment_status":"closed","ping_status":"closed","template":"","meta":[],"product_brand":[],"product_cat":[45],"product_tag":[96,95,97],"class_list":{"0":"post-5065","1":"product","2":"type-product","3":"status-publish","4":"has-post-thumbnail","6":"product_cat-daily-trips","7":"product_tag-aquarium","8":"product_tag-grand-aquarium","9":"product_tag-hurghada-aquarium","11":"first","12":"instock","13":"sale","14":"shipping-taxable","15":"purchasable","16":"product-type-ovabrw_car_rental"},"_links":{"self":[{"href":"https:\/\/tierra-tour.com\/de\/wp-json\/wp\/v2\/product\/5065","targetHints":{"allow":["GET"]}}],"collection":[{"href":"https:\/\/tierra-tour.com\/de\/wp-json\/wp\/v2\/product"}],"about":[{"href":"https:\/\/tierra-tour.com\/de\/wp-json\/wp\/v2\/types\/product"}],"replies":[{"embeddable":true,"href":"https:\/\/tierra-tour.com\/de\/wp-json\/wp\/v2\/comments?post=5065"}],"wp:featuredmedia":[{"embeddable":true,"href":"https:\/\/tierra-tour.com\/de\/wp-json\/wp\/v2\/media\/5067"}],"wp:attachment":[{"href":"https:\/\/tierra-tour.com\/de\/wp-json\/wp\/v2\/media?parent=5065"}],"wp:term":[{"taxonomy":"product_brand","embeddable":true,"href":"https:\/\/tierra-tour.com\/de\/wp-json\/wp\/v2\/product_brand?post=5065"},{"taxonomy":"product_cat","embeddable":true,"href":"https:\/\/tierra-tour.com\/de\/wp-json\/wp\/v2\/product_cat?post=5065"},{"taxonomy":"product_tag","embeddable":true,"href":"https:\/\/tierra-tour.com\/de\/wp-json\/wp\/v2\/product_tag?post=5065"}],"curies":[{"name":"wp","href":"https:\/\/api.w.org\/{rel}","templated":true}]}}