{"id":5078,"date":"2022-11-09T23:47:43","date_gmt":"2022-11-09T23:47:43","guid":{"rendered":"https:\/\/pharaohreisen.com\/?post_type=product&#038;p=5078"},"modified":"2022-12-15T21:17:23","modified_gmt":"2022-12-15T21:17:23","slug":"glass-boat","status":"publish","type":"product","link":"https:\/\/tierra-tour.com\/de\/produkt\/glass-boat\/","title":{"rendered":"Glasboot"},"content":{"rendered":"<h2>\u00dcbersicht<\/h2>\n<div data-track=\"overview\" data-v-682f2170=\"\">\n<section id=\"activity-overview\" class=\"activity-overview\" data-component=\"overview\" data-v-316219c4=\"\" data-v-682f2170=\"\">\n<div data-track=\"overview\" data-v-ad6c2744=\"\">\n<section id=\"activity-overview\" class=\"activity-overview activity-overview--certified\" data-component=\"overview\" data-v-316219c4=\"\" data-v-ad6c2744=\"\">\n<div class=\"d-flex justify-content-end\">\n<div class=\"intro-modal modal modal-fullscreen fade description-modal show\" role=\"dialog\">\n<div class=\"modal-dialog modal-lg\" role=\"document\">\n<div class=\"modal-content border-0\">\n<div class=\"intro-modal-text mb-5 mx-5\">\n<p>Genie\u00dfen Sie ein unterhaltsames und lehrreiches Erlebnis auf dem Sindbad-U-Boot, w\u00e4hrend Sie unter die Oberfl\u00e4che des Roten Meeres hinabtauchen. Bestaunen Sie das Korallenwunderland und die erstaunliche Vielfalt an farbenfrohen Fischen, w\u00e4hrend Sie in Tiefen von bis zu 20 Metern abtauchen.<\/p>\n<p>Der einfachste Weg, sich das Rote Meer zum Freund zu machen. Entdecken Sie die Geheimnisse des Roten Meeres, ohne sich nass zu machen. Sie beginnen Ihre Reise mit unserem professionellen F\u00fchrer, um die Geheimnisse des Roten Meeres mit seinen Korallenriffen G\u00e4rten und erstaunliche farbige Fische aus dem klimatisierten Glasboot zu entdecken.<\/p>\n<\/div>\n<\/div>\n<\/div>\n<\/div>\n<\/div>\n<\/section>\n<\/div>\n<h3 class=\"activity-overview__content activity-overview__content--certified\" data-test-id=\"activity-overview-content\"><strong>Tour Highlights<\/strong><\/h3>\n<\/section>\n<\/div>\n<ul>\n<li>Tauchen Sie mit dem U-Boot Sindbad 20 Meter unter die Oberfl\u00e4che des Roten Meeres<\/li>\n<li>Bestaunen Sie die Unterwasserwelt des Korallenwunderlandes<\/li>\n<li>Genie\u00dfen Sie Ihr Taucherlebnis und bleiben Sie dabei trocken und komfortabel<\/li>\n<li>Begeben Sie sich auf eine Bootsfahrt zum einzigen U-Boot im Nahen Osten<\/li>\n<\/ul>","protected":false},"excerpt":{"rendered":"<p>Overview Enjoy an entertaining and highly educational experience on the Sinbad Submarine as you descend below the surface of the Red Sea. Marvel at the coral wonderland and the amazing variety of colorful fish as you head to depths of up to 20 meters. The Easiest way to take the Red Sea as a friend. [&hellip;]<\/p>","protected":false},"featured_media":5094,"comment_status":"closed","ping_status":"closed","template":"","meta":[],"product_brand":[],"product_cat":[45,43],"product_tag":[99,98,100],"class_list":{"0":"post-5078","1":"product","2":"type-product","3":"status-publish","4":"has-post-thumbnail","6":"product_cat-daily-trips","7":"product_cat-sea-trips","8":"product_tag-sindbad","9":"product_tag-submarine","10":"product_tag-underwater-world","12":"first","13":"instock","14":"sale","15":"shipping-taxable","16":"purchasable","17":"product-type-ovabrw_car_rental"},"_links":{"self":[{"href":"https:\/\/tierra-tour.com\/de\/wp-json\/wp\/v2\/product\/5078","targetHints":{"allow":["GET"]}}],"collection":[{"href":"https:\/\/tierra-tour.com\/de\/wp-json\/wp\/v2\/product"}],"about":[{"href":"https:\/\/tierra-tour.com\/de\/wp-json\/wp\/v2\/types\/product"}],"replies":[{"embeddable":true,"href":"https:\/\/tierra-tour.com\/de\/wp-json\/wp\/v2\/comments?post=5078"}],"wp:featuredmedia":[{"embeddable":true,"href":"https:\/\/tierra-tour.com\/de\/wp-json\/wp\/v2\/media\/5094"}],"wp:attachment":[{"href":"https:\/\/tierra-tour.com\/de\/wp-json\/wp\/v2\/media?parent=5078"}],"wp:term":[{"taxonomy":"product_brand","embeddable":true,"href":"https:\/\/tierra-tour.com\/de\/wp-json\/wp\/v2\/product_brand?post=5078"},{"taxonomy":"product_cat","embeddable":true,"href":"https:\/\/tierra-tour.com\/de\/wp-json\/wp\/v2\/product_cat?post=5078"},{"taxonomy":"product_tag","embeddable":true,"href":"https:\/\/tierra-tour.com\/de\/wp-json\/wp\/v2\/product_tag?post=5078"}],"curies":[{"name":"wp","href":"https:\/\/api.w.org\/{rel}","templated":true}]}}