{"id":5079,"date":"2022-11-09T23:48:20","date_gmt":"2022-11-09T23:48:20","guid":{"rendered":"https:\/\/pharaohreisen.com\/?post_type=product&#038;p=5079"},"modified":"2022-12-15T21:16:53","modified_gmt":"2022-12-15T21:16:53","slug":"spa-and-massage","status":"publish","type":"product","link":"https:\/\/tierra-tour.com\/de\/produkt\/spa-and-massage\/","title":{"rendered":"Spa und Massage"},"content":{"rendered":"<h2>\u00dcbersicht<\/h2>\n<div data-track=\"overview\" data-v-682f2170=\"\">\n<section id=\"activity-overview\" class=\"activity-overview\" data-component=\"overview\" data-v-316219c4=\"\" data-v-682f2170=\"\">\n<div data-track=\"overview\" data-v-ad6c2744=\"\">\n<section id=\"activity-overview\" class=\"activity-overview activity-overview--certified\" data-component=\"overview\" data-v-316219c4=\"\" data-v-ad6c2744=\"\">\n<div class=\"d-flex justify-content-end\">\n<div class=\"intro-modal modal modal-fullscreen fade description-modal show\" role=\"dialog\">\n<div class=\"modal-dialog modal-lg\" role=\"document\">\n<div class=\"modal-content border-0\">\n<div class=\"intro-modal-text mb-5 mx-5\">\n<p>Wir haben f\u00fcr Sie das beste Programm f\u00fcr Spa und Massage in Hurghada ausgew\u00e4hlt \" Cleopatra Programm\"<\/p>\n<p>Erleben Sie ein VIP-Kleopatra-Badeprogramm, einschlie\u00dflich Transport von Hurghada. Genie\u00dfen Sie ein Kleopatra-K\u00f6nigin-Bad, Sauna, Dampfbad, Whirlpool, Peeling, eine 45-min\u00fctige Massage und ein hei\u00dfes Getr\u00e4nk.<\/p>\n<p>Ihre Reise in der Kleopatra-Bad, werden Sie am Eingang begr\u00fc\u00dfen und f\u00fchren Sie in den Saunaraum, wo Sie 10 bis 15 Minuten, gefolgt von 10 bis 15 Minuten Dampfbad genie\u00dfen k\u00f6nnen, um zu entspannen und Ihre Haut weich sowie helfen, Ihren K\u00f6rper auf die Hitze des Kleopatra-Bad, gefolgt von 10 bis 15 Minuten Jacuzzi, zuerst werden Sie auf der Heizung Stein liegen, das Sechseck erhitzt Marmor in der Mitte, f\u00fcr mindestens 10 Minuten. Dann wird der Marmor poliert quadratischen Wasserbecken, wo Sie Ihren K\u00f6rper mit einem speziellen Peeling F\u00e4ustel, und 20 bis 25 Minuten Peeling der kese exfoliate. Nach dem Absp\u00fclen beginnt der letzte Schritt des Rituals - die Schaumseifenw\u00e4sche - und Sie werden mit einem Luffa abgerieben, was Ihnen ein Gef\u00fchl der Reinigung gibt.<\/p>\n<\/div>\n<\/div>\n<\/div>\n<\/div>\n<\/div>\n<\/section>\n<\/div>\n<h3 class=\"activity-overview__content activity-overview__content--certified\" data-test-id=\"activity-overview-content\"><strong>Tour Highlights<\/strong><\/h3>\n<\/section>\n<\/div>\n<ul>\n<li>Erleben Sie ein luxuri\u00f6ses Kleopatrabad<\/li>\n<li>Genie\u00dfen Sie die freie Zeit in der Sauna, im Dampfbad und im Whirlpool<\/li>\n<li>Entspannen Sie sich bei einer 45-min\u00fctigen Massage<\/li>\n<li>Genie\u00dfen Sie ein hei\u00dfes Getr\u00e4nk im Ruheraum<\/li>\n<li>Erfrischen Sie Ihre Haut mit einer Peeling-Behandlung<\/li>\n<\/ul>","protected":false},"excerpt":{"rendered":"<p>Overview We chose for you best program for Spa and Massage in Hurghada \u201d Cleopatra program\u201d Experience a VIP Cleopatra bath program, including transportation from Hurghada. Enjoy a Cleopatra Queen bath, sauna, steam bath, jacuzzi, peeling treatment, 45-minute massage, and a hot drink. Your journey inside the Cleopatra bath, will be welcoming you at the [&hellip;]<\/p>","protected":false},"featured_media":5081,"comment_status":"closed","ping_status":"closed","template":"","meta":[],"product_brand":[],"product_cat":[45],"product_tag":[96,95,97],"class_list":{"0":"post-5079","1":"product","2":"type-product","3":"status-publish","4":"has-post-thumbnail","6":"product_cat-daily-trips","7":"product_tag-aquarium","8":"product_tag-grand-aquarium","9":"product_tag-hurghada-aquarium","11":"first","12":"instock","13":"sale","14":"shipping-taxable","15":"purchasable","16":"product-type-ovabrw_car_rental"},"_links":{"self":[{"href":"https:\/\/tierra-tour.com\/de\/wp-json\/wp\/v2\/product\/5079","targetHints":{"allow":["GET"]}}],"collection":[{"href":"https:\/\/tierra-tour.com\/de\/wp-json\/wp\/v2\/product"}],"about":[{"href":"https:\/\/tierra-tour.com\/de\/wp-json\/wp\/v2\/types\/product"}],"replies":[{"embeddable":true,"href":"https:\/\/tierra-tour.com\/de\/wp-json\/wp\/v2\/comments?post=5079"}],"wp:featuredmedia":[{"embeddable":true,"href":"https:\/\/tierra-tour.com\/de\/wp-json\/wp\/v2\/media\/5081"}],"wp:attachment":[{"href":"https:\/\/tierra-tour.com\/de\/wp-json\/wp\/v2\/media?parent=5079"}],"wp:term":[{"taxonomy":"product_brand","embeddable":true,"href":"https:\/\/tierra-tour.com\/de\/wp-json\/wp\/v2\/product_brand?post=5079"},{"taxonomy":"product_cat","embeddable":true,"href":"https:\/\/tierra-tour.com\/de\/wp-json\/wp\/v2\/product_cat?post=5079"},{"taxonomy":"product_tag","embeddable":true,"href":"https:\/\/tierra-tour.com\/de\/wp-json\/wp\/v2\/product_tag?post=5079"}],"curies":[{"name":"wp","href":"https:\/\/api.w.org\/{rel}","templated":true}]}}