{"id":5103,"date":"2022-11-11T23:14:07","date_gmt":"2022-11-11T23:14:07","guid":{"rendered":"https:\/\/pharaohreisen.com\/?post_type=product&#038;p=5103"},"modified":"2022-12-15T21:16:30","modified_gmt":"2022-12-15T21:16:30","slug":"elite-vip-cruise","status":"publish","type":"product","link":"https:\/\/tierra-tour.com\/de\/produkt\/elite-vip-cruise\/","title":{"rendered":"Elite VIP cruise"},"content":{"rendered":"<h2>\u00dcbersicht<\/h2>\n<div data-track=\"overview\" data-v-682f2170=\"\">\n<section id=\"activity-overview\" class=\"activity-overview\" data-component=\"overview\" data-v-316219c4=\"\" data-v-682f2170=\"\">\n<div data-track=\"overview\" data-v-ad6c2744=\"\">\n<section id=\"activity-overview\" class=\"activity-overview activity-overview--certified\" data-component=\"overview\" data-v-316219c4=\"\" data-v-ad6c2744=\"\">\n<div class=\"d-flex justify-content-end\">\n<div class=\"intro-modal modal modal-fullscreen fade description-modal show\" role=\"dialog\">\n<div class=\"modal-dialog modal-lg\" role=\"document\">\n<div class=\"modal-content border-0\">\n<div class=\"intro-modal-text mb-5 mx-5\">\n<section class=\"e-PDPSection\" aria-expanded=\"true\">\n<div class=\"e-PDPSection-content\" aria-hidden=\"false\">\n<div>Genie\u00dfen Sie die Zeit und entspannen Sie sich auf dieser VIP-Kreuzfahrt ab Hurghada, die mit der Abholung von Ihrem Hotel beginnt, und gehen Sie an Bord eines sch\u00f6nen, luxuri\u00f6sen Kreuzfahrtschiffes auf dem Roten Meer, w\u00e4hrend sich Ihre Crew und Ihr Kapit\u00e4n um den Rest k\u00fcmmern. Suchen Sie sich einen Platz zum Sonnenbaden aus, und halten Sie Ausschau nach Delfinen, die Sie w\u00e4hrend der Fahrt vielleicht begr\u00fc\u00dfen. Wenn Sie am ersten Schnorchelplatz angekommen sind, erkunden Sie die Korallenriffe und genie\u00dfen Sie die Zeit, bevor Sie zum zweiten Platz fahren. Nach dem Schnorcheln am zweiten Ort genie\u00dfen Sie ein Mittagsbuffet, bevor Sie zum letzten Ort fahren.<\/div>\n<\/div>\n<\/section>\n<section class=\"e-PDPSection\" aria-expanded=\"false\"><\/section>\n<h3><strong>Tour Highlights<\/strong><\/h3>\n<\/div>\n<\/div>\n<\/div>\n<\/div>\n<\/div>\n<\/section>\n<\/div>\n<\/section>\n<\/div>\n<ul>\n<li>Erleben Sie eine unterhaltsame Kreuzfahrt auf dem Roten Meer von Hurghada und entdecken Sie die Sch\u00f6nheit des Meeres<\/li>\n<li>Entdecken Sie die Sch\u00f6nheit des Roten Meeres an Bord eines luxuri\u00f6sen Kreuzfahrtschiffes<\/li>\n<li>Erforschen Sie die Geheimnisse des Meeres und schwimmen Sie mit Meeresschildkr\u00f6ten, Rochen und Kaiserfischen.<\/li>\n<li>Entspannen Sie sich an Bord und genie\u00dfen Sie ein reichhaltiges Buffet im \u00e4gyptischen Stil (Meeresfr\u00fcchte).<\/li>\n<li>Genie\u00dfen Sie es, stundenlang mit den Delfinen zu schwimmen und mit einer gro\u00dfen Gruppe von Delfinen zu spielen.<\/li>\n<\/ul>","protected":false},"excerpt":{"rendered":"<p>Overview Enjoy your time and relax during this elite VIP cruise from Hurghada!Start with a pickup at your hotel and board a nice luxurious cruise boat into the Red Sea and let your crew and captain take care of the rest. Pick your sunbathing spot, and keep an eye out for dolphins, who might say [&hellip;]<\/p>","protected":false},"featured_media":5105,"comment_status":"closed","ping_status":"closed","template":"","meta":[],"product_brand":[],"product_cat":[45,43],"product_tag":[101,102,99,98,100,103],"class_list":{"0":"post-5103","1":"product","2":"type-product","3":"status-publish","4":"has-post-thumbnail","6":"product_cat-daily-trips","7":"product_cat-sea-trips","8":"product_tag-elite","9":"product_tag-elite-vip","10":"product_tag-sindbad","11":"product_tag-submarine","12":"product_tag-underwater-world","13":"product_tag-vip-cruise","15":"first","16":"instock","17":"sale","18":"shipping-taxable","19":"purchasable","20":"product-type-ovabrw_car_rental"},"_links":{"self":[{"href":"https:\/\/tierra-tour.com\/de\/wp-json\/wp\/v2\/product\/5103","targetHints":{"allow":["GET"]}}],"collection":[{"href":"https:\/\/tierra-tour.com\/de\/wp-json\/wp\/v2\/product"}],"about":[{"href":"https:\/\/tierra-tour.com\/de\/wp-json\/wp\/v2\/types\/product"}],"replies":[{"embeddable":true,"href":"https:\/\/tierra-tour.com\/de\/wp-json\/wp\/v2\/comments?post=5103"}],"wp:featuredmedia":[{"embeddable":true,"href":"https:\/\/tierra-tour.com\/de\/wp-json\/wp\/v2\/media\/5105"}],"wp:attachment":[{"href":"https:\/\/tierra-tour.com\/de\/wp-json\/wp\/v2\/media?parent=5103"}],"wp:term":[{"taxonomy":"product_brand","embeddable":true,"href":"https:\/\/tierra-tour.com\/de\/wp-json\/wp\/v2\/product_brand?post=5103"},{"taxonomy":"product_cat","embeddable":true,"href":"https:\/\/tierra-tour.com\/de\/wp-json\/wp\/v2\/product_cat?post=5103"},{"taxonomy":"product_tag","embeddable":true,"href":"https:\/\/tierra-tour.com\/de\/wp-json\/wp\/v2\/product_tag?post=5103"}],"curies":[{"name":"wp","href":"https:\/\/api.w.org\/{rel}","templated":true}]}}