{"id":5194,"date":"2022-11-26T19:39:02","date_gmt":"2022-11-26T19:39:02","guid":{"rendered":"https:\/\/pharaohreisen.com\/?post_type=product&#038;p=5194"},"modified":"2022-12-15T21:15:42","modified_gmt":"2022-12-15T21:15:42","slug":"utopia-island","status":"publish","type":"product","link":"https:\/\/tierra-tour.com\/de\/produkt\/utopia-island\/","title":{"rendered":"Utopia-Insel"},"content":{"rendered":"<h2>\u00dcbersicht<\/h2>\n<div data-track=\"overview\" data-v-682f2170=\"\">\n<section id=\"activity-overview\" class=\"activity-overview\" data-component=\"overview\" data-v-316219c4=\"\" data-v-682f2170=\"\">Schnorcheltour auf der Insel Utopia | Die Insel Utopia liegt in der N\u00e4he von Safaga und ist ber\u00fchmt f\u00fcr ihr kristallklares Wasser, goldene Str\u00e4nde, Korallenriffe und exotische Fische.<br \/>\nDie Insel Utopia in Hurghada ist bei Touristen sehr beliebt. Das liegt zum Teil an den Legenden, die sich um die Insel ranken. So wird dem Sand der Insel beispielsweise eine heilende Wirkung nachgesagt. Nachdem man eine Weile darauf gelegen hat, sp\u00fcrt man einen Schub an Kraft.<\/p>\n<h3 class=\"activity-overview__content activity-overview__content--certified\" data-test-id=\"activity-overview-content\"><strong>Tour Highlights<\/strong><\/h3>\n<\/section>\n<\/div>\n<ul>\n<li>3 Schnorchelstopps<\/li>\n<li>Bananenboot &amp; Quadro<\/li>\n<li>Fahrt mit dem Glasbodenboot<\/li>\n<li>Aufenthalt auf der Insel Utopia<\/li>\n<\/ul>","protected":false},"excerpt":{"rendered":"<p>Overview Utopia Island Snorkeling Tour | Utopia Island is located near Safaga and is famous for its crystal clear water, golden beaches, coral reefs, and exotic fish. Utopia Island in Hurghada is very popular with tourists. This is partly due to the accompanying legends about the island. For example, its sand is said to have [&hellip;]<\/p>","protected":false},"featured_media":5195,"comment_status":"closed","ping_status":"closed","template":"","meta":[],"product_brand":[],"product_cat":[45,43],"product_tag":[65,63,62,76,77],"class_list":{"0":"post-5194","1":"product","2":"type-product","3":"status-publish","4":"has-post-thumbnail","6":"product_cat-daily-trips","7":"product_cat-sea-trips","8":"product_tag-giftun","9":"product_tag-orange","10":"product_tag-orange-bay","11":"product_tag-paradise","12":"product_tag-paradise-island","14":"first","15":"instock","16":"sale","17":"shipping-taxable","18":"purchasable","19":"product-type-ovabrw_car_rental"},"_links":{"self":[{"href":"https:\/\/tierra-tour.com\/de\/wp-json\/wp\/v2\/product\/5194","targetHints":{"allow":["GET"]}}],"collection":[{"href":"https:\/\/tierra-tour.com\/de\/wp-json\/wp\/v2\/product"}],"about":[{"href":"https:\/\/tierra-tour.com\/de\/wp-json\/wp\/v2\/types\/product"}],"replies":[{"embeddable":true,"href":"https:\/\/tierra-tour.com\/de\/wp-json\/wp\/v2\/comments?post=5194"}],"wp:featuredmedia":[{"embeddable":true,"href":"https:\/\/tierra-tour.com\/de\/wp-json\/wp\/v2\/media\/5195"}],"wp:attachment":[{"href":"https:\/\/tierra-tour.com\/de\/wp-json\/wp\/v2\/media?parent=5194"}],"wp:term":[{"taxonomy":"product_brand","embeddable":true,"href":"https:\/\/tierra-tour.com\/de\/wp-json\/wp\/v2\/product_brand?post=5194"},{"taxonomy":"product_cat","embeddable":true,"href":"https:\/\/tierra-tour.com\/de\/wp-json\/wp\/v2\/product_cat?post=5194"},{"taxonomy":"product_tag","embeddable":true,"href":"https:\/\/tierra-tour.com\/de\/wp-json\/wp\/v2\/product_tag?post=5194"}],"curies":[{"name":"wp","href":"https:\/\/api.w.org\/{rel}","templated":true}]}}