{"id":4609,"date":"2022-11-01T21:25:03","date_gmt":"2022-11-01T21:25:03","guid":{"rendered":"https:\/\/pharaohreisen.com\/?post_type=product&#038;p=4609"},"modified":"2022-12-15T21:24:54","modified_gmt":"2022-12-15T21:24:54","slug":"aswan-one-day","status":"publish","type":"product","link":"https:\/\/tierra-tour.com\/fr\/produit\/aswan-one-day\/","title":{"rendered":"Excursion d'une journ\u00e9e \u00e0 Assouan"},"content":{"rendered":"<h2>Overview<\/h2>\n<div data-track=\"overview\" data-v-682f2170=\"\">\n<section id=\"activity-overview\" class=\"activity-overview\" data-component=\"overview\" data-v-316219c4=\"\" data-v-682f2170=\"\">D\u00e9couvrez la culture nubienne lors d'une excursion priv\u00e9e d'une journ\u00e9e \u00e0 Assouan avec un guide \u00e9gyptologue. Visitez le Haut Barrage d'Assouan, le Temple de Philae et l'ob\u00e9lisque inachev\u00e9. Savourez un d\u00e9jeuner dans un restaurant local et profitez de la prise en charge et du retour \u00e0 l'h\u00f4tel inclus.<\/section>\n<\/div>\n<div data-track=\"key-details\" data-v-682f2170=\"\"><\/div>\n<div class=\"tour-include\"><\/div>\n<p>\"Points forts de la tourn\u00e9e\"<\/p>\n<ul>\n<li>\"Excursion d'une journ\u00e9e compl\u00e8te au Assouan depuis Hurghada<\/li>\n<li>Visitez les principaux sites avec un guide local<\/li>\n<li>Visite du Haut Barrage et de l'Ob\u00e9lisque inachev\u00e9<\/li>\n<li>Prise en charge et retour aux h\u00f4tels de Hurghada<\/li>\n<li>Ramassage et d\u00e9p\u00f4t \u00e0 l'h\u00f4tel \u00e0 Hurghada<\/li>\n<li>Inclut toutes les frais d'entr\u00e9e et le d\u00e9jeuner\"<\/li>\n<\/ul>\n<p>[WPCR_INSERT]<\/p>","protected":false},"excerpt":{"rendered":"<p>Overview Discover Nubian culture on a private day tour to Aswan\u00a0 with an Egyptologist guide. Visit the Aswan High Dam, Temple of Philae, and the unfinished obelisk. Savor lunch in a local restaurant, and enjoy included hotel pickup and drop-off. Tour Highlights Full-day Aswan trip from Hurghada Visit top sites with a local guide Visiting [&hellip;]<\/p>","protected":false},"featured_media":4600,"comment_status":"closed","ping_status":"closed","template":"","meta":[],"product_brand":[],"product_cat":[46],"product_tag":[53,55,54],"class_list":{"0":"post-4609","1":"product","2":"type-product","3":"status-publish","4":"has-post-thumbnail","6":"product_cat-cultural-trips","7":"product_tag-aswan","8":"product_tag-aswan-ausflug","9":"product_tag-aswan-trip","11":"first","12":"instock","13":"sale","14":"shipping-taxable","15":"purchasable","16":"product-type-ovabrw_car_rental"},"_links":{"self":[{"href":"https:\/\/tierra-tour.com\/fr\/wp-json\/wp\/v2\/product\/4609","targetHints":{"allow":["GET"]}}],"collection":[{"href":"https:\/\/tierra-tour.com\/fr\/wp-json\/wp\/v2\/product"}],"about":[{"href":"https:\/\/tierra-tour.com\/fr\/wp-json\/wp\/v2\/types\/product"}],"replies":[{"embeddable":true,"href":"https:\/\/tierra-tour.com\/fr\/wp-json\/wp\/v2\/comments?post=4609"}],"wp:featuredmedia":[{"embeddable":true,"href":"https:\/\/tierra-tour.com\/fr\/wp-json\/wp\/v2\/media\/4600"}],"wp:attachment":[{"href":"https:\/\/tierra-tour.com\/fr\/wp-json\/wp\/v2\/media?parent=4609"}],"wp:term":[{"taxonomy":"product_brand","embeddable":true,"href":"https:\/\/tierra-tour.com\/fr\/wp-json\/wp\/v2\/product_brand?post=4609"},{"taxonomy":"product_cat","embeddable":true,"href":"https:\/\/tierra-tour.com\/fr\/wp-json\/wp\/v2\/product_cat?post=4609"},{"taxonomy":"product_tag","embeddable":true,"href":"https:\/\/tierra-tour.com\/fr\/wp-json\/wp\/v2\/product_tag?post=4609"}],"curies":[{"name":"wp","href":"https:\/\/api.w.org\/{rel}","templated":true}]}}