{"id":4670,"date":"2022-11-02T19:59:58","date_gmt":"2022-11-02T19:59:58","guid":{"rendered":"https:\/\/pharaohreisen.com\/?post_type=product&#038;p=4670"},"modified":"2022-12-15T21:23:08","modified_gmt":"2022-12-15T21:23:08","slug":"cairo-flight","status":"publish","type":"product","link":"https:\/\/tierra-tour.com\/fr\/produit\/cairo-flight\/","title":{"rendered":"Excursion au Caire en avion"},"content":{"rendered":"<h2>Overview<\/h2>\n<div data-track=\"overview\" data-v-682f2170=\"\">\n<section id=\"activity-overview\" class=\"activity-overview\" data-component=\"overview\" data-v-316219c4=\"\" data-v-682f2170=\"\">\n<p class=\"activity-overview__content activity-overview__content--certified\" data-test-id=\"activity-overview-content\" data-v-316219c4=\"\">Excursion d'une journ\u00e9e au Caire depuis Hurghada en avion. Visitez les pyramides de Gizeh, le mus\u00e9e \u00e9gyptien, avec du shopping au c\u00e9l\u00e8bre bazar du Caire, Khan El Khalili, le tout en une journ\u00e9e avec un guide priv\u00e9.<\/p>\n<\/section>\n<\/div>\n<div data-track=\"key-details\" data-v-682f2170=\"\">\n<p>\u00c9pargnez-vous le trajet aller-retour de 10 heures et voyagez au Caire avec style - en avion. Lors de cette visite compl\u00e8te en petit groupe, id\u00e9ale pour les visiteurs novices, cochez les points forts de l'\u00c9gypte ancienne : les pyramides de Gizeh, le Grand Sphinx, le temple de la Vall\u00e9e et le mus\u00e9e des Antiquit\u00e9s \u00e9gyptiennes. Ensuite, d\u00e9couvrez le Vieux Caire : l'\u00e9glise suspendue, la synagogue Ben Ezra et le bazar Khan Al-Khalili. La visite comprend les vols, le d\u00e9jeuner et les transferts.<\/p>\n<\/div>\n<h3><strong>\"Points forts de la tourn\u00e9e\"<\/strong><\/h3>\n<ul>\n<li>Heure de prise en charge \u00e0 l'h\u00f4tel \u00e0 Hurghada<\/li>\n<li>Visitez les principaux sites avec un guide local<\/li>\n<li>Arriv\u00e9e et visite des Pyramides de Gizeh<\/li>\n<li>Visite de l'Institut du Papyrus<\/li>\n<li>D\u00e9jeuner dans un restaurant avec vue sur les Pyramides<\/li>\n<li>Visite du Mus\u00e9e \u00c9gyptien<\/li>\n<li>Bazar Khan El Khalili<\/li>\n<li>D\u00e9part pour l'a\u00e9roport du Caire<\/li>\n<li>Ramassage et d\u00e9p\u00f4t \u00e0 l'h\u00f4tel \u00e0 Hurghada<\/li>\n<\/ul>","protected":false},"excerpt":{"rendered":"<p>Overview Cairo day Trip from Hurghada by plane. Visit the Giza Pyramids, the Egyptian museum, with shopping at Cairo\u2019s famous bazaar, Khan El Khalili all in one day With A private tour guide Spare yourself the 10-hour round trip and travel to Cairo in style\u2014by plane. On this comprehensive small-group tour that\u2019s perfect for first-time [&hellip;]<\/p>","protected":false},"featured_media":4647,"comment_status":"closed","ping_status":"closed","template":"","meta":[],"product_brand":[],"product_cat":[46,45],"product_tag":[56,61,57],"class_list":{"0":"post-4670","1":"product","2":"type-product","3":"status-publish","4":"has-post-thumbnail","6":"product_cat-cultural-trips","7":"product_cat-daily-trips","8":"product_tag-cairo","9":"product_tag-cairo-flight","10":"product_tag-cairo-trip","12":"first","13":"instock","14":"sale","15":"shipping-taxable","16":"purchasable","17":"product-type-ovabrw_car_rental"},"_links":{"self":[{"href":"https:\/\/tierra-tour.com\/fr\/wp-json\/wp\/v2\/product\/4670","targetHints":{"allow":["GET"]}}],"collection":[{"href":"https:\/\/tierra-tour.com\/fr\/wp-json\/wp\/v2\/product"}],"about":[{"href":"https:\/\/tierra-tour.com\/fr\/wp-json\/wp\/v2\/types\/product"}],"replies":[{"embeddable":true,"href":"https:\/\/tierra-tour.com\/fr\/wp-json\/wp\/v2\/comments?post=4670"}],"wp:featuredmedia":[{"embeddable":true,"href":"https:\/\/tierra-tour.com\/fr\/wp-json\/wp\/v2\/media\/4647"}],"wp:attachment":[{"href":"https:\/\/tierra-tour.com\/fr\/wp-json\/wp\/v2\/media?parent=4670"}],"wp:term":[{"taxonomy":"product_brand","embeddable":true,"href":"https:\/\/tierra-tour.com\/fr\/wp-json\/wp\/v2\/product_brand?post=4670"},{"taxonomy":"product_cat","embeddable":true,"href":"https:\/\/tierra-tour.com\/fr\/wp-json\/wp\/v2\/product_cat?post=4670"},{"taxonomy":"product_tag","embeddable":true,"href":"https:\/\/tierra-tour.com\/fr\/wp-json\/wp\/v2\/product_tag?post=4670"}],"curies":[{"name":"wp","href":"https:\/\/api.w.org\/{rel}","templated":true}]}}