{"id":4673,"date":"2022-11-02T21:12:02","date_gmt":"2022-11-02T21:12:02","guid":{"rendered":"https:\/\/pharaohreisen.com\/?post_type=product&#038;p=4673"},"modified":"2022-12-15T21:22:38","modified_gmt":"2022-12-15T21:22:38","slug":"orange-bay","status":"publish","type":"product","link":"https:\/\/tierra-tour.com\/fr\/produit\/orange-bay\/","title":{"rendered":"Baie d'Orange"},"content":{"rendered":"<h2>Overview<\/h2>\n<div data-track=\"overview\" data-v-682f2170=\"\">\n<section id=\"activity-overview\" class=\"activity-overview\" data-component=\"overview\" data-v-316219c4=\"\" data-v-682f2170=\"\">\"Exp\u00e9rimentez les eaux claires de la baie Orange des \u00eeles Giftun avec ce voyage d'une journ\u00e9e de sports nautiques \u00e0 partir de Hurghada. Offrant un transport aller-retour vers la r\u00e9serve marine de la mer Rouge ainsi qu'un voyage en bateau une fois sur place, vous avez tout ce dont vous avez besoin pour appr\u00e9cier les plages et les sites sous-marins. Le d\u00e9jeuner, un parasol et les \u00e9quipements de sports nautiques sont tous fournis.\"<\/p>\n<h3 class=\"activity-overview__content activity-overview__content--certified\" data-test-id=\"activity-overview-content\"><strong>\"Points forts de la tourn\u00e9e\"<\/strong><\/h3>\n<\/section>\n<\/div>\n<ul>\n<li>Heure de prise en charge \u00e0 l'h\u00f4tel \u00e0 Hurghada<\/li>\n<li>\u00c9chappez \u00e0 la chaleur avec un transport climatis\u00e9 depuis votre h\u00f4tel<\/li>\n<li>Utilisez le mat\u00e9riel de snorkeling fourni pour voir le corail et les poissons de la baie Orange<\/li>\n<li>\u00c9vitez d'emporter votre propre d\u00e9jeuner et profitez d'un repas inclus au milieu de la tourn\u00e9e<\/li>\n<li>Faites des vagues sur un bateau-banane lors d'une halte pour les sports nautiques<\/li>\n<\/ul>\n<h3 class=\"activity-overview__content activity-overview__content--certified\" data-test-id=\"activity-overview-content\"><strong>Tour Priv\u00e9 (2 \u2013 5 Pers.)<\/strong><\/h3>\n<p>Maintenant, vous pouvez r\u00e9server ce tour priv\u00e9 avec le bateau \u00e0 grande vitesse. Partez \u00e0 l'aventure sur la mer Rouge en bateau \u00e0 grande vitesse pour une excursion de snorkeling priv\u00e9e d'une journ\u00e9e compl\u00e8te.<\/p>\n<p>Avec un trajet en bateau \u00e0 grande vitesse priv\u00e9 de seulement 20 minutes, vous pourrez appr\u00e9cier la beaut\u00e9 \u00e9poustouflante de la plage de la baie Orange sur l'\u00eele de Giftun.<\/p>\n<div class=\"col-md-6\">\n<p class=\"describe-medium-sub gray-light\">L'un des avantages cl\u00e9s de la baie Orange en bateau \u00e0 grande vitesse est la flexibilit\u00e9, vous pouvez choisir votre heure de d\u00e9part pr\u00e9f\u00e9r\u00e9e et la dur\u00e9e souhait\u00e9e sur l'\u00eele, vous pouvez m\u00eame planifier un arr\u00eat pour faire du snorkeling \u00e0 c\u00f4t\u00e9 de l'un des r\u00e9cifs incroyables de la r\u00e9gion.<\/p>\n<\/div>\n<div class=\"col-md-6\"><img fetchpriority=\"high\" decoding=\"async\" class=\"alignnone size-medium wp-image-5258\" src=\"http:\/\/tierra-tour.com\/wp-content\/uploads\/2022\/11\/d1-300x200.jpg\" alt=\"\" width=\"300\" height=\"200\" srcset=\"https:\/\/tierra-tour.com\/wp-content\/uploads\/2022\/11\/d1-300x200.jpg 300w, https:\/\/tierra-tour.com\/wp-content\/uploads\/2022\/11\/d1-18x12.jpg 18w, https:\/\/tierra-tour.com\/wp-content\/uploads\/2022\/11\/d1-636x426.jpg 636w, https:\/\/tierra-tour.com\/wp-content\/uploads\/2022\/11\/d1-600x400.jpg 600w, https:\/\/tierra-tour.com\/wp-content\/uploads\/2022\/11\/d1.jpg 720w\" sizes=\"(max-width: 300px) 100vw, 300px\" \/> <img decoding=\"async\" class=\"alignnone size-medium wp-image-5259\" src=\"http:\/\/tierra-tour.com\/wp-content\/uploads\/2022\/11\/aa-1-300x200.jpg\" alt=\"\" width=\"300\" height=\"200\" srcset=\"https:\/\/tierra-tour.com\/wp-content\/uploads\/2022\/11\/aa-1-300x200.jpg 300w, https:\/\/tierra-tour.com\/wp-content\/uploads\/2022\/11\/aa-1-18x12.jpg 18w, https:\/\/tierra-tour.com\/wp-content\/uploads\/2022\/11\/aa-1-636x426.jpg 636w, https:\/\/tierra-tour.com\/wp-content\/uploads\/2022\/11\/aa-1-600x400.jpg 600w, https:\/\/tierra-tour.com\/wp-content\/uploads\/2022\/11\/aa-1.jpg 720w\" sizes=\"(max-width: 300px) 100vw, 300px\" \/> <img decoding=\"async\" class=\"alignnone size-medium wp-image-5260\" src=\"http:\/\/tierra-tour.com\/wp-content\/uploads\/2022\/11\/0f-1-300x200.jpg\" alt=\"\" width=\"300\" height=\"200\" srcset=\"https:\/\/tierra-tour.com\/wp-content\/uploads\/2022\/11\/0f-1-300x200.jpg 300w, https:\/\/tierra-tour.com\/wp-content\/uploads\/2022\/11\/0f-1-18x12.jpg 18w, https:\/\/tierra-tour.com\/wp-content\/uploads\/2022\/11\/0f-1-636x426.jpg 636w, https:\/\/tierra-tour.com\/wp-content\/uploads\/2022\/11\/0f-1-600x400.jpg 600w, https:\/\/tierra-tour.com\/wp-content\/uploads\/2022\/11\/0f-1.jpg 720w\" sizes=\"(max-width: 300px) 100vw, 300px\" \/> <img loading=\"lazy\" decoding=\"async\" class=\"alignnone size-medium wp-image-5261\" src=\"http:\/\/tierra-tour.com\/wp-content\/uploads\/2022\/11\/screenshot-20201003-091527-300x200.jpg\" alt=\"\" width=\"300\" height=\"200\" srcset=\"https:\/\/tierra-tour.com\/wp-content\/uploads\/2022\/11\/screenshot-20201003-091527-300x200.jpg 300w, https:\/\/tierra-tour.com\/wp-content\/uploads\/2022\/11\/screenshot-20201003-091527-1024x683.jpg 1024w, https:\/\/tierra-tour.com\/wp-content\/uploads\/2022\/11\/screenshot-20201003-091527-768x512.jpg 768w, https:\/\/tierra-tour.com\/wp-content\/uploads\/2022\/11\/screenshot-20201003-091527-18x12.jpg 18w, https:\/\/tierra-tour.com\/wp-content\/uploads\/2022\/11\/screenshot-20201003-091527-636x426.jpg 636w, https:\/\/tierra-tour.com\/wp-content\/uploads\/2022\/11\/screenshot-20201003-091527-600x400.jpg 600w, https:\/\/tierra-tour.com\/wp-content\/uploads\/2022\/11\/screenshot-20201003-091527.jpg 1080w\" sizes=\"(max-width: 300px) 100vw, 300px\" \/> <img loading=\"lazy\" decoding=\"async\" class=\"alignnone size-medium wp-image-5262\" src=\"http:\/\/tierra-tour.com\/wp-content\/uploads\/2022\/11\/img-20201005-wa0185-largejpg-300x225.jpg\" alt=\"\" width=\"300\" height=\"225\" srcset=\"https:\/\/tierra-tour.com\/wp-content\/uploads\/2022\/11\/img-20201005-wa0185-largejpg-300x225.jpg 300w, https:\/\/tierra-tour.com\/wp-content\/uploads\/2022\/11\/img-20201005-wa0185-largejpg-1024x766.jpg 1024w, https:\/\/tierra-tour.com\/wp-content\/uploads\/2022\/11\/img-20201005-wa0185-largejpg-768x575.jpg 768w, https:\/\/tierra-tour.com\/wp-content\/uploads\/2022\/11\/img-20201005-wa0185-largejpg-16x12.jpg 16w, https:\/\/tierra-tour.com\/wp-content\/uploads\/2022\/11\/img-20201005-wa0185-largejpg-600x449.jpg 600w, https:\/\/tierra-tour.com\/wp-content\/uploads\/2022\/11\/img-20201005-wa0185-largejpg.jpg 1200w\" sizes=\"(max-width: 300px) 100vw, 300px\" \/> <img loading=\"lazy\" decoding=\"async\" class=\"alignnone size-medium wp-image-5263\" src=\"http:\/\/tierra-tour.com\/wp-content\/uploads\/2022\/11\/20201006-101105-largejpg-300x202.jpg\" alt=\"\" width=\"300\" height=\"202\" srcset=\"https:\/\/tierra-tour.com\/wp-content\/uploads\/2022\/11\/20201006-101105-largejpg-300x202.jpg 300w, https:\/\/tierra-tour.com\/wp-content\/uploads\/2022\/11\/20201006-101105-largejpg-1024x690.jpg 1024w, https:\/\/tierra-tour.com\/wp-content\/uploads\/2022\/11\/20201006-101105-largejpg-768x518.jpg 768w, https:\/\/tierra-tour.com\/wp-content\/uploads\/2022\/11\/20201006-101105-largejpg-18x12.jpg 18w, https:\/\/tierra-tour.com\/wp-content\/uploads\/2022\/11\/20201006-101105-largejpg-416x280.jpg 416w, https:\/\/tierra-tour.com\/wp-content\/uploads\/2022\/11\/20201006-101105-largejpg-636x426.jpg 636w, https:\/\/tierra-tour.com\/wp-content\/uploads\/2022\/11\/20201006-101105-largejpg-600x404.jpg 600w, https:\/\/tierra-tour.com\/wp-content\/uploads\/2022\/11\/20201006-101105-largejpg.jpg 1080w\" sizes=\"(max-width: 300px) 100vw, 300px\" \/><\/div>\n<div><\/div>\n<div>[table id=4 \/]<\/div>\n<div><\/div>","protected":false},"excerpt":{"rendered":"<p>There is a adas asd asdas das dasdas dasdasdasd<\/p>","protected":false},"featured_media":4674,"comment_status":"closed","ping_status":"closed","template":"","meta":[],"product_brand":[],"product_cat":[45,43],"product_tag":[64,65,66,63,62,67],"class_list":{"0":"post-4673","1":"product","2":"type-product","3":"status-publish","4":"has-post-thumbnail","6":"product_cat-daily-trips","7":"product_cat-sea-trips","8":"product_tag-bay","9":"product_tag-giftun","10":"product_tag-giftun-island","11":"product_tag-orange","12":"product_tag-orange-bay","13":"product_tag-orange-island","15":"first","16":"instock","17":"sale","18":"shipping-taxable","19":"purchasable","20":"product-type-ovabrw_car_rental"},"_links":{"self":[{"href":"https:\/\/tierra-tour.com\/fr\/wp-json\/wp\/v2\/product\/4673","targetHints":{"allow":["GET"]}}],"collection":[{"href":"https:\/\/tierra-tour.com\/fr\/wp-json\/wp\/v2\/product"}],"about":[{"href":"https:\/\/tierra-tour.com\/fr\/wp-json\/wp\/v2\/types\/product"}],"replies":[{"embeddable":true,"href":"https:\/\/tierra-tour.com\/fr\/wp-json\/wp\/v2\/comments?post=4673"}],"wp:featuredmedia":[{"embeddable":true,"href":"https:\/\/tierra-tour.com\/fr\/wp-json\/wp\/v2\/media\/4674"}],"wp:attachment":[{"href":"https:\/\/tierra-tour.com\/fr\/wp-json\/wp\/v2\/media?parent=4673"}],"wp:term":[{"taxonomy":"product_brand","embeddable":true,"href":"https:\/\/tierra-tour.com\/fr\/wp-json\/wp\/v2\/product_brand?post=4673"},{"taxonomy":"product_cat","embeddable":true,"href":"https:\/\/tierra-tour.com\/fr\/wp-json\/wp\/v2\/product_cat?post=4673"},{"taxonomy":"product_tag","embeddable":true,"href":"https:\/\/tierra-tour.com\/fr\/wp-json\/wp\/v2\/product_tag?post=4673"}],"curies":[{"name":"wp","href":"https:\/\/api.w.org\/{rel}","templated":true}]}}