{"id":4779,"date":"2022-11-03T21:00:07","date_gmt":"2022-11-03T21:00:07","guid":{"rendered":"https:\/\/pharaohreisen.com\/?post_type=product&#038;p=4779"},"modified":"2022-12-15T21:22:17","modified_gmt":"2022-12-15T21:22:17","slug":"quad-3-hours","status":"publish","type":"product","link":"https:\/\/tierra-tour.com\/fr\/produit\/quad-3-hours\/","title":{"rendered":"\"Quad 3 Heures\""},"content":{"rendered":"<h2>Overview<\/h2>\n<div data-track=\"overview\" data-v-682f2170=\"\">\n<section id=\"activity-overview\" class=\"activity-overview\" data-component=\"overview\" data-v-316219c4=\"\" data-v-682f2170=\"\">\n<header class=\"header\">\n<div class=\"texth\">\n<p>Foncez \u00e0 travers les dunes de sable sur un v\u00e9hicule tout-terrain (VTT) lors de cette aventure d\u00e9sertique signature, con\u00e7ue pour les amateurs d'adr\u00e9naline. Apr\u00e8s une br\u00e8ve le\u00e7on et un essai, mettez vos comp\u00e9tences de conduite \u00e0 l'\u00e9preuve en vous lan\u00e7ant dans une course vers un village b\u00e9douin pour vous d\u00e9tendre autour d'un th\u00e9 noir, d\u00e9couvrir les modes de vie locaux et profiter d'une balade \u00e0 dos de chameau. Pour plus de commodit\u00e9, votre forfait comprend les transferts h\u00f4teliers; am\u00e9liorez-le pour en faire une excursion priv\u00e9e.<\/p>\n<\/div>\n<\/header>\n<h3 class=\"activity-overview__content activity-overview__content--certified\" data-test-id=\"activity-overview-content\"><strong>\"Points forts de la tourn\u00e9e\"<\/strong><\/h3>\n<\/section>\n<\/div>\n<ul>\n<li>Explorez le d\u00e9sert de Hurghada en VTT avec un instructeur\/guide<\/li>\n<li>Exp\u00e9rimentez la vie b\u00e9douine dans un village traditionnel - et m\u00eame montez un chameau<\/li>\n<li>Large choix d'heures de d\u00e9part tout au long de la journ\u00e9e<\/li>\n<li>Transferts aller-retour facilitent les choses, avec ramassage \u00e0 votre h\u00f4tel de Hurghada.<\/li>\n<\/ul>","protected":false},"excerpt":{"rendered":"<p>Overview Roar through the sand dunes on an all-terrain vehicle (ATV) on this signature desert adventure, tailored to adrenaline junkies. After a short lesson and a test drive, challenge your driving skills as you race to a Bedouin village to unwind over black tea, discover the local lifestyles, and enjoy a camel ride. For ease, [&hellip;]<\/p>","protected":false},"featured_media":4783,"comment_status":"closed","ping_status":"closed","template":"","meta":[],"product_brand":[],"product_cat":[45,44],"product_tag":[70,72,71,73],"class_list":{"0":"post-4779","1":"product","2":"type-product","3":"status-publish","4":"has-post-thumbnail","6":"product_cat-daily-trips","7":"product_cat-desert-trips","8":"product_tag-quad","9":"product_tag-quad-3hours","10":"product_tag-quad-bike","11":"product_tag-quad-hurghada","13":"first","14":"instock","15":"sale","16":"shipping-taxable","17":"purchasable","18":"product-type-ovabrw_car_rental"},"_links":{"self":[{"href":"https:\/\/tierra-tour.com\/fr\/wp-json\/wp\/v2\/product\/4779","targetHints":{"allow":["GET"]}}],"collection":[{"href":"https:\/\/tierra-tour.com\/fr\/wp-json\/wp\/v2\/product"}],"about":[{"href":"https:\/\/tierra-tour.com\/fr\/wp-json\/wp\/v2\/types\/product"}],"replies":[{"embeddable":true,"href":"https:\/\/tierra-tour.com\/fr\/wp-json\/wp\/v2\/comments?post=4779"}],"wp:featuredmedia":[{"embeddable":true,"href":"https:\/\/tierra-tour.com\/fr\/wp-json\/wp\/v2\/media\/4783"}],"wp:attachment":[{"href":"https:\/\/tierra-tour.com\/fr\/wp-json\/wp\/v2\/media?parent=4779"}],"wp:term":[{"taxonomy":"product_brand","embeddable":true,"href":"https:\/\/tierra-tour.com\/fr\/wp-json\/wp\/v2\/product_brand?post=4779"},{"taxonomy":"product_cat","embeddable":true,"href":"https:\/\/tierra-tour.com\/fr\/wp-json\/wp\/v2\/product_cat?post=4779"},{"taxonomy":"product_tag","embeddable":true,"href":"https:\/\/tierra-tour.com\/fr\/wp-json\/wp\/v2\/product_tag?post=4779"}],"curies":[{"name":"wp","href":"https:\/\/api.w.org\/{rel}","templated":true}]}}