{"id":4805,"date":"2022-11-03T22:42:10","date_gmt":"2022-11-03T22:42:10","guid":{"rendered":"https:\/\/pharaohreisen.com\/?post_type=product&#038;p=4805"},"modified":"2022-12-15T21:21:00","modified_gmt":"2022-12-15T21:21:00","slug":"paradise-island","status":"publish","type":"product","link":"https:\/\/tierra-tour.com\/fr\/produit\/paradise-island\/","title":{"rendered":"\u00cele du Paradis"},"content":{"rendered":"<h2>Overview<\/h2>\n<div data-track=\"overview\" data-v-682f2170=\"\">\n<section id=\"activity-overview\" class=\"activity-overview\" data-component=\"overview\" data-v-316219c4=\"\" data-v-682f2170=\"\">Passez toute la journ\u00e9e dans une incroyable excursion en mer vers la merveilleuse \u00eele Paradis situ\u00e9e \u00e0 l'est des c\u00f4tes d'Hurghada. Profitez de la plong\u00e9e en apn\u00e9e autour des r\u00e9cifs de l'\u00eele Paradis, et continuez la journ\u00e9e sur la plage de l'\u00eele avec un restaurant buffet ouvert offrant la meilleure vue que vous puissiez avoir \u00e0 Hurghada. L'excursion en mer commence \u00e0 9 heures du matin avec deux arr\u00eats de plong\u00e9e en apn\u00e9e \u00e0 diff\u00e9rents r\u00e9cifs autour de l'\u00eele Paradis et de Giftun, peupl\u00e9s de diverses esp\u00e8ces de poissons, de tortues de mer et de mur\u00e8nes.<\/p>\n<h3 class=\"activity-overview__content activity-overview__content--certified\" data-test-id=\"activity-overview-content\"><strong>\"Points forts de la tourn\u00e9e\"<\/strong><\/h3>\n<\/section>\n<\/div>\n<ul>\n<li>Heure de prise en charge \u00e0 l'h\u00f4tel \u00e0 Hurghada<\/li>\n<li>Profitez d'une journ\u00e9e compl\u00e8te sur l'\u00eele<\/li>\n<li>Arr\u00eatez-vous pour une aventure de plong\u00e9e en apn\u00e9e d'une heure<\/li>\n<li>Savourez le d\u00e9jeuner sur le bateau<\/li>\n<li>Participez \u00e0 des sports nautiques<\/li>\n<\/ul>\n<h3 class=\"activity-overview__content activity-overview__content--certified\" data-test-id=\"activity-overview-content\"><strong>\"Tour Priv\u00e9e<\/strong><\/h3>\n<div class=\"YmElR _T\">\n<div class=\"qgcDG\">\n<div class=\"biGQs _P pZUbB Whbsa KxBGd\">Vous appr\u00e9cierez un voyage priv\u00e9 \u00e0 bord d'un charmant bateau \u00e0 grande vitesse lors d'une excursion semi-priv\u00e9e, avec un maximum de 5 personnes. Vous n'aurez pas besoin de prendre un grand bateau pour rejoindre l'\u00cele du Paradis, vous pourrez vous d\u00e9placer facilement sur l'eau avec un petit groupe pour profiter de la meilleure fa\u00e7on possible sans payer le tarif d'un bateau priv\u00e9. Vous passerez deux heures sur l'\u00cele du Paradis et ferez de la plong\u00e9e en apn\u00e9e aux plus beaux sites de corail.\"<\/div>\n<div>\n<div class=\"col-md-6\">\n<p class=\"describe-medium-sub gray-light\">\n<\/div>\n<div class=\"col-md-6\"><img fetchpriority=\"high\" decoding=\"async\" class=\"alignnone size-medium wp-image-5258\" src=\"http:\/\/tierra-tour.com\/wp-content\/uploads\/2022\/11\/d1-300x200.jpg\" alt=\"\" width=\"300\" height=\"200\" srcset=\"https:\/\/tierra-tour.com\/wp-content\/uploads\/2022\/11\/d1-300x200.jpg 300w, https:\/\/tierra-tour.com\/wp-content\/uploads\/2022\/11\/d1-18x12.jpg 18w, https:\/\/tierra-tour.com\/wp-content\/uploads\/2022\/11\/d1-636x426.jpg 636w, https:\/\/tierra-tour.com\/wp-content\/uploads\/2022\/11\/d1-600x400.jpg 600w, https:\/\/tierra-tour.com\/wp-content\/uploads\/2022\/11\/d1.jpg 720w\" sizes=\"(max-width: 300px) 100vw, 300px\" \/> <img decoding=\"async\" class=\"alignnone size-medium wp-image-5259\" src=\"http:\/\/tierra-tour.com\/wp-content\/uploads\/2022\/11\/aa-1-300x200.jpg\" alt=\"\" width=\"300\" height=\"200\" srcset=\"https:\/\/tierra-tour.com\/wp-content\/uploads\/2022\/11\/aa-1-300x200.jpg 300w, https:\/\/tierra-tour.com\/wp-content\/uploads\/2022\/11\/aa-1-18x12.jpg 18w, https:\/\/tierra-tour.com\/wp-content\/uploads\/2022\/11\/aa-1-636x426.jpg 636w, https:\/\/tierra-tour.com\/wp-content\/uploads\/2022\/11\/aa-1-600x400.jpg 600w, https:\/\/tierra-tour.com\/wp-content\/uploads\/2022\/11\/aa-1.jpg 720w\" sizes=\"(max-width: 300px) 100vw, 300px\" \/> <img decoding=\"async\" class=\"alignnone size-medium wp-image-5260\" src=\"http:\/\/tierra-tour.com\/wp-content\/uploads\/2022\/11\/0f-1-300x200.jpg\" alt=\"\" width=\"300\" height=\"200\" srcset=\"https:\/\/tierra-tour.com\/wp-content\/uploads\/2022\/11\/0f-1-300x200.jpg 300w, https:\/\/tierra-tour.com\/wp-content\/uploads\/2022\/11\/0f-1-18x12.jpg 18w, https:\/\/tierra-tour.com\/wp-content\/uploads\/2022\/11\/0f-1-636x426.jpg 636w, https:\/\/tierra-tour.com\/wp-content\/uploads\/2022\/11\/0f-1-600x400.jpg 600w, https:\/\/tierra-tour.com\/wp-content\/uploads\/2022\/11\/0f-1.jpg 720w\" sizes=\"(max-width: 300px) 100vw, 300px\" \/> <img loading=\"lazy\" decoding=\"async\" class=\"alignnone size-medium wp-image-5261\" src=\"http:\/\/tierra-tour.com\/wp-content\/uploads\/2022\/11\/screenshot-20201003-091527-300x200.jpg\" alt=\"\" width=\"300\" height=\"200\" srcset=\"https:\/\/tierra-tour.com\/wp-content\/uploads\/2022\/11\/screenshot-20201003-091527-300x200.jpg 300w, https:\/\/tierra-tour.com\/wp-content\/uploads\/2022\/11\/screenshot-20201003-091527-1024x683.jpg 1024w, https:\/\/tierra-tour.com\/wp-content\/uploads\/2022\/11\/screenshot-20201003-091527-768x512.jpg 768w, https:\/\/tierra-tour.com\/wp-content\/uploads\/2022\/11\/screenshot-20201003-091527-18x12.jpg 18w, https:\/\/tierra-tour.com\/wp-content\/uploads\/2022\/11\/screenshot-20201003-091527-636x426.jpg 636w, https:\/\/tierra-tour.com\/wp-content\/uploads\/2022\/11\/screenshot-20201003-091527-600x400.jpg 600w, https:\/\/tierra-tour.com\/wp-content\/uploads\/2022\/11\/screenshot-20201003-091527.jpg 1080w\" sizes=\"(max-width: 300px) 100vw, 300px\" \/> <img loading=\"lazy\" decoding=\"async\" class=\"alignnone size-medium wp-image-5262\" src=\"http:\/\/tierra-tour.com\/wp-content\/uploads\/2022\/11\/img-20201005-wa0185-largejpg-300x225.jpg\" alt=\"\" width=\"300\" height=\"225\" srcset=\"https:\/\/tierra-tour.com\/wp-content\/uploads\/2022\/11\/img-20201005-wa0185-largejpg-300x225.jpg 300w, https:\/\/tierra-tour.com\/wp-content\/uploads\/2022\/11\/img-20201005-wa0185-largejpg-1024x766.jpg 1024w, https:\/\/tierra-tour.com\/wp-content\/uploads\/2022\/11\/img-20201005-wa0185-largejpg-768x575.jpg 768w, https:\/\/tierra-tour.com\/wp-content\/uploads\/2022\/11\/img-20201005-wa0185-largejpg-16x12.jpg 16w, https:\/\/tierra-tour.com\/wp-content\/uploads\/2022\/11\/img-20201005-wa0185-largejpg-600x449.jpg 600w, https:\/\/tierra-tour.com\/wp-content\/uploads\/2022\/11\/img-20201005-wa0185-largejpg.jpg 1200w\" sizes=\"(max-width: 300px) 100vw, 300px\" \/> <img loading=\"lazy\" decoding=\"async\" class=\"alignnone size-medium wp-image-5263\" src=\"http:\/\/tierra-tour.com\/wp-content\/uploads\/2022\/11\/20201006-101105-largejpg-300x202.jpg\" alt=\"\" width=\"300\" height=\"202\" srcset=\"https:\/\/tierra-tour.com\/wp-content\/uploads\/2022\/11\/20201006-101105-largejpg-300x202.jpg 300w, https:\/\/tierra-tour.com\/wp-content\/uploads\/2022\/11\/20201006-101105-largejpg-1024x690.jpg 1024w, https:\/\/tierra-tour.com\/wp-content\/uploads\/2022\/11\/20201006-101105-largejpg-768x518.jpg 768w, https:\/\/tierra-tour.com\/wp-content\/uploads\/2022\/11\/20201006-101105-largejpg-18x12.jpg 18w, https:\/\/tierra-tour.com\/wp-content\/uploads\/2022\/11\/20201006-101105-largejpg-416x280.jpg 416w, https:\/\/tierra-tour.com\/wp-content\/uploads\/2022\/11\/20201006-101105-largejpg-636x426.jpg 636w, https:\/\/tierra-tour.com\/wp-content\/uploads\/2022\/11\/20201006-101105-largejpg-600x404.jpg 600w, https:\/\/tierra-tour.com\/wp-content\/uploads\/2022\/11\/20201006-101105-largejpg.jpg 1080w\" sizes=\"(max-width: 300px) 100vw, 300px\" \/><\/div>\n<div><\/div>\n<div>[table id=4 \/]<\/div>\n<div><\/div>\n<\/div>\n<\/div>\n<\/div>","protected":false},"excerpt":{"rendered":"<p>Overview Spend all day in amazing Sea trip to the wonderful Paradise Island located east of Hurghada shores. Enjoy snorkeling around the reefs of paradise island, and continue the day use on the beach of the island with open buffet restaurant in the best view you can ever get in Hurghada. Sea trip starts 9 [&hellip;]<\/p>","protected":false},"featured_media":4806,"comment_status":"closed","ping_status":"closed","template":"","meta":[],"product_brand":[],"product_cat":[45,43],"product_tag":[65,63,62,76,77],"class_list":{"0":"post-4805","1":"product","2":"type-product","3":"status-publish","4":"has-post-thumbnail","6":"product_cat-daily-trips","7":"product_cat-sea-trips","8":"product_tag-giftun","9":"product_tag-orange","10":"product_tag-orange-bay","11":"product_tag-paradise","12":"product_tag-paradise-island","14":"first","15":"instock","16":"sale","17":"shipping-taxable","18":"purchasable","19":"product-type-ovabrw_car_rental"},"_links":{"self":[{"href":"https:\/\/tierra-tour.com\/fr\/wp-json\/wp\/v2\/product\/4805","targetHints":{"allow":["GET"]}}],"collection":[{"href":"https:\/\/tierra-tour.com\/fr\/wp-json\/wp\/v2\/product"}],"about":[{"href":"https:\/\/tierra-tour.com\/fr\/wp-json\/wp\/v2\/types\/product"}],"replies":[{"embeddable":true,"href":"https:\/\/tierra-tour.com\/fr\/wp-json\/wp\/v2\/comments?post=4805"}],"wp:featuredmedia":[{"embeddable":true,"href":"https:\/\/tierra-tour.com\/fr\/wp-json\/wp\/v2\/media\/4806"}],"wp:attachment":[{"href":"https:\/\/tierra-tour.com\/fr\/wp-json\/wp\/v2\/media?parent=4805"}],"wp:term":[{"taxonomy":"product_brand","embeddable":true,"href":"https:\/\/tierra-tour.com\/fr\/wp-json\/wp\/v2\/product_brand?post=4805"},{"taxonomy":"product_cat","embeddable":true,"href":"https:\/\/tierra-tour.com\/fr\/wp-json\/wp\/v2\/product_cat?post=4805"},{"taxonomy":"product_tag","embeddable":true,"href":"https:\/\/tierra-tour.com\/fr\/wp-json\/wp\/v2\/product_tag?post=4805"}],"curies":[{"name":"wp","href":"https:\/\/api.w.org\/{rel}","templated":true}]}}