{"id":4826,"date":"2022-11-03T23:50:53","date_gmt":"2022-11-03T23:50:53","guid":{"rendered":"https:\/\/pharaohreisen.com\/?post_type=product&#038;p=4826"},"modified":"2022-12-15T21:19:41","modified_gmt":"2022-12-15T21:19:41","slug":"diving","status":"publish","type":"product","link":"https:\/\/tierra-tour.com\/fr\/produit\/diving\/","title":{"rendered":"La Plong\u00e9e"},"content":{"rendered":"<h2>Overview<\/h2>\n<div data-track=\"overview\" data-v-682f2170=\"\">\n<section id=\"activity-overview\" class=\"activity-overview\" data-component=\"overview\" data-v-316219c4=\"\" data-v-682f2170=\"\">D\u00e9couvrez la beaut\u00e9 du monde sous-marin en plong\u00e9e ou en snorkeling. Si vous \u00eates d\u00e9butant ou n'avez jamais plong\u00e9, nos instructeurs vous permettront de profiter de l'exp\u00e9rience. Dinez sur le pont pendant le voyage.\"<\/p>\n<h3 class=\"activity-overview__content activity-overview__content--certified\" data-test-id=\"activity-overview-content\"><strong>\"Points forts de la tourn\u00e9e\"<\/strong><\/h3>\n<\/section>\n<\/div>\n<ul>\n<li>\"Appr\u00e9ciez le fantastique monde sous-marin dans une atmosph\u00e8re d\u00e9tendue lors d'un voyage de plong\u00e9e.<\/li>\n<li>D\u00e9couvrez la diversit\u00e9 des esp\u00e8ces de poissons et les magnifiques r\u00e9cifs de corail.<\/li>\n<li>Explorez la beaut\u00e9 de la mer accompagn\u00e9 de guides de plong\u00e9e exp\u00e9riment\u00e9s.<\/li>\n<li>Faites de la plong\u00e9e ou du snorkeling \u00e0 2 endroits diff\u00e9rents lors d'un voyage de 6-7 heures.<\/li>\n<li>Appr\u00e9ciez le d\u00e9jeuner et les boissons chaudes et froides illimit\u00e9es \u00e0 bord.\"<\/li>\n<\/ul>","protected":false},"excerpt":{"rendered":"<p>Overview Explore the beauty of the underwater world by diving or snorkeling. If you are a beginner or have never dived, our instructors will let you enjoy the experience. Have lunch on deck during the trip. Tour Highlights Enjoy the fantastic underwater world in a relaxed atmosphere on a dive trip Discover the diversity of [&hellip;]<\/p>","protected":false},"featured_media":4827,"comment_status":"closed","ping_status":"closed","template":"","meta":[],"product_brand":[],"product_cat":[45,43],"product_tag":[81,82,66,62,67],"class_list":{"0":"post-4826","1":"product","2":"type-product","3":"status-publish","4":"has-post-thumbnail","6":"product_cat-daily-trips","7":"product_cat-sea-trips","8":"product_tag-diving","9":"product_tag-diving-world","10":"product_tag-giftun-island","11":"product_tag-orange-bay","12":"product_tag-orange-island","14":"first","15":"instock","16":"sale","17":"shipping-taxable","18":"purchasable","19":"product-type-ovabrw_car_rental"},"_links":{"self":[{"href":"https:\/\/tierra-tour.com\/fr\/wp-json\/wp\/v2\/product\/4826","targetHints":{"allow":["GET"]}}],"collection":[{"href":"https:\/\/tierra-tour.com\/fr\/wp-json\/wp\/v2\/product"}],"about":[{"href":"https:\/\/tierra-tour.com\/fr\/wp-json\/wp\/v2\/types\/product"}],"replies":[{"embeddable":true,"href":"https:\/\/tierra-tour.com\/fr\/wp-json\/wp\/v2\/comments?post=4826"}],"wp:featuredmedia":[{"embeddable":true,"href":"https:\/\/tierra-tour.com\/fr\/wp-json\/wp\/v2\/media\/4827"}],"wp:attachment":[{"href":"https:\/\/tierra-tour.com\/fr\/wp-json\/wp\/v2\/media?parent=4826"}],"wp:term":[{"taxonomy":"product_brand","embeddable":true,"href":"https:\/\/tierra-tour.com\/fr\/wp-json\/wp\/v2\/product_brand?post=4826"},{"taxonomy":"product_cat","embeddable":true,"href":"https:\/\/tierra-tour.com\/fr\/wp-json\/wp\/v2\/product_cat?post=4826"},{"taxonomy":"product_tag","embeddable":true,"href":"https:\/\/tierra-tour.com\/fr\/wp-json\/wp\/v2\/product_tag?post=4826"}],"curies":[{"name":"wp","href":"https:\/\/api.w.org\/{rel}","templated":true}]}}