{"id":4928,"date":"2022-11-05T22:40:50","date_gmt":"2022-11-05T22:40:50","guid":{"rendered":"https:\/\/pharaohreisen.com\/?post_type=product&#038;p=4928"},"modified":"2022-12-15T21:19:25","modified_gmt":"2022-12-15T21:19:25","slug":"dolphin-house","status":"publish","type":"product","link":"https:\/\/tierra-tour.com\/fr\/produit\/dolphin-house\/","title":{"rendered":"Maison des Dauphins"},"content":{"rendered":"<h2>Overview<\/h2>\n<div data-track=\"overview\" data-v-682f2170=\"\">\n<section id=\"activity-overview\" class=\"activity-overview\" data-component=\"overview\" data-v-316219c4=\"\" data-v-682f2170=\"\">\n<div data-track=\"overview\" data-v-ad6c2744=\"\">\n<section id=\"activity-overview\" class=\"activity-overview activity-overview--certified\" data-component=\"overview\" data-v-316219c4=\"\" data-v-ad6c2744=\"\">\n<p class=\"activity-overview__content activity-overview__content--certified\" data-test-id=\"activity-overview-content\" data-v-316219c4=\"\">Approchez-vous des dauphins lors d'une excursion de snorkeling au d\u00e9part d'Hurghada. Profitez d'une croisi\u00e8re en bateau vers des zones en mer ouverte o\u00f9 vous pouvez nager ou faire du snorkeling avec des dauphins parmi des r\u00e9cifs de corail color\u00e9s.<\/p>\n<p data-test-id=\"activity-overview-content\" data-v-316219c4=\"\">Vous profiterez d'une croisi\u00e8re relaxante d'une journ\u00e9e compl\u00e8te sur la mer Rouge avec votre famille. Explorez divers r\u00e9cifs de corail impressionnants tandis que vous nagez et faites du snorkeling dans des eaux cristallines. Surveillez les raies, les tortues de mer, les poissons-anges et les dauphins joueurs dans leur habitat naturel.<\/p>\n<div data-track=\"key-details\" data-v-ad6c2744=\"\"><\/div>\n<\/section>\n<\/div>\n<h3 class=\"activity-overview__content activity-overview__content--certified\" data-test-id=\"activity-overview-content\"><strong>\"Points forts de la tourn\u00e9e\"<\/strong><\/h3>\n<\/section>\n<\/div>\n<ul>\n<li>\"Nager avec les dauphins en mer ouverte<\/li>\n<li>Profiter de la joie de la plong\u00e9e en apn\u00e9e panoramique<\/li>\n<li>D\u00e9couvrir la beaut\u00e9 du monde sous-marin color\u00e9<\/li>\n<li>Appr\u00e9cier les sports nautiques en bateau-banane et en planche<\/li>\n<li>Explorer les r\u00e9cifs de corail \u00e9poustouflants et se d\u00e9tendre sur les bancs de sable.\"<\/li>\n<\/ul>\n<h3 class=\"activity-overview__content activity-overview__content--certified\" data-test-id=\"activity-overview-content\"><strong>\"Tour Priv\u00e9e<\/strong><\/h3>\n<div class=\"description\">Profitez d'une excursion de snorkeling priv\u00e9e \u00e0 la maison des dauphins depuis Hurghada en bateau \u00e0 grande vitesse, c'est la meilleure fa\u00e7on de trouver les dauphins avec votre famille.<\/div>\n<div>Profitez d'une excursion de snorkeling priv\u00e9e \u00e0 la maison des dauphins en bateau \u00e0 grande vitesse depuis le port de Hurghada, o\u00f9 il est tr\u00e8s courant de trouver des dauphins. Une fois \u00e0 la maison des dauphins, nous mettrons nos masques de snorkeling et nous profiterons de l'une des meilleures exp\u00e9riences de la vie, le snorkeling avec des dauphins libres dans la mer ouverte.<\/div>\n<div>\n<div class=\"col-md-6\">\n<p class=\"describe-medium-sub gray-light\">\n<\/div>\n<div class=\"col-md-6\"><img fetchpriority=\"high\" decoding=\"async\" class=\"alignnone size-medium wp-image-5258\" src=\"http:\/\/tierra-tour.com\/wp-content\/uploads\/2022\/11\/d1-300x200.jpg\" alt=\"\" width=\"300\" height=\"200\" srcset=\"https:\/\/tierra-tour.com\/wp-content\/uploads\/2022\/11\/d1-300x200.jpg 300w, https:\/\/tierra-tour.com\/wp-content\/uploads\/2022\/11\/d1-18x12.jpg 18w, https:\/\/tierra-tour.com\/wp-content\/uploads\/2022\/11\/d1-636x426.jpg 636w, https:\/\/tierra-tour.com\/wp-content\/uploads\/2022\/11\/d1-600x400.jpg 600w, https:\/\/tierra-tour.com\/wp-content\/uploads\/2022\/11\/d1.jpg 720w\" sizes=\"(max-width: 300px) 100vw, 300px\" \/> <img decoding=\"async\" class=\"alignnone size-medium wp-image-5259\" src=\"http:\/\/tierra-tour.com\/wp-content\/uploads\/2022\/11\/aa-1-300x200.jpg\" alt=\"\" width=\"300\" height=\"200\" srcset=\"https:\/\/tierra-tour.com\/wp-content\/uploads\/2022\/11\/aa-1-300x200.jpg 300w, https:\/\/tierra-tour.com\/wp-content\/uploads\/2022\/11\/aa-1-18x12.jpg 18w, https:\/\/tierra-tour.com\/wp-content\/uploads\/2022\/11\/aa-1-636x426.jpg 636w, https:\/\/tierra-tour.com\/wp-content\/uploads\/2022\/11\/aa-1-600x400.jpg 600w, https:\/\/tierra-tour.com\/wp-content\/uploads\/2022\/11\/aa-1.jpg 720w\" sizes=\"(max-width: 300px) 100vw, 300px\" \/> <img decoding=\"async\" class=\"alignnone size-medium wp-image-5260\" src=\"http:\/\/tierra-tour.com\/wp-content\/uploads\/2022\/11\/0f-1-300x200.jpg\" alt=\"\" width=\"300\" height=\"200\" srcset=\"https:\/\/tierra-tour.com\/wp-content\/uploads\/2022\/11\/0f-1-300x200.jpg 300w, https:\/\/tierra-tour.com\/wp-content\/uploads\/2022\/11\/0f-1-18x12.jpg 18w, https:\/\/tierra-tour.com\/wp-content\/uploads\/2022\/11\/0f-1-636x426.jpg 636w, https:\/\/tierra-tour.com\/wp-content\/uploads\/2022\/11\/0f-1-600x400.jpg 600w, https:\/\/tierra-tour.com\/wp-content\/uploads\/2022\/11\/0f-1.jpg 720w\" sizes=\"(max-width: 300px) 100vw, 300px\" \/> <img loading=\"lazy\" decoding=\"async\" class=\"alignnone size-medium wp-image-5261\" src=\"http:\/\/tierra-tour.com\/wp-content\/uploads\/2022\/11\/screenshot-20201003-091527-300x200.jpg\" alt=\"\" width=\"300\" height=\"200\" srcset=\"https:\/\/tierra-tour.com\/wp-content\/uploads\/2022\/11\/screenshot-20201003-091527-300x200.jpg 300w, https:\/\/tierra-tour.com\/wp-content\/uploads\/2022\/11\/screenshot-20201003-091527-1024x683.jpg 1024w, https:\/\/tierra-tour.com\/wp-content\/uploads\/2022\/11\/screenshot-20201003-091527-768x512.jpg 768w, https:\/\/tierra-tour.com\/wp-content\/uploads\/2022\/11\/screenshot-20201003-091527-18x12.jpg 18w, https:\/\/tierra-tour.com\/wp-content\/uploads\/2022\/11\/screenshot-20201003-091527-636x426.jpg 636w, https:\/\/tierra-tour.com\/wp-content\/uploads\/2022\/11\/screenshot-20201003-091527-600x400.jpg 600w, https:\/\/tierra-tour.com\/wp-content\/uploads\/2022\/11\/screenshot-20201003-091527.jpg 1080w\" sizes=\"(max-width: 300px) 100vw, 300px\" \/> <img loading=\"lazy\" decoding=\"async\" class=\"alignnone size-medium wp-image-5262\" src=\"http:\/\/tierra-tour.com\/wp-content\/uploads\/2022\/11\/img-20201005-wa0185-largejpg-300x225.jpg\" alt=\"\" width=\"300\" height=\"225\" srcset=\"https:\/\/tierra-tour.com\/wp-content\/uploads\/2022\/11\/img-20201005-wa0185-largejpg-300x225.jpg 300w, https:\/\/tierra-tour.com\/wp-content\/uploads\/2022\/11\/img-20201005-wa0185-largejpg-1024x766.jpg 1024w, https:\/\/tierra-tour.com\/wp-content\/uploads\/2022\/11\/img-20201005-wa0185-largejpg-768x575.jpg 768w, https:\/\/tierra-tour.com\/wp-content\/uploads\/2022\/11\/img-20201005-wa0185-largejpg-16x12.jpg 16w, https:\/\/tierra-tour.com\/wp-content\/uploads\/2022\/11\/img-20201005-wa0185-largejpg-600x449.jpg 600w, https:\/\/tierra-tour.com\/wp-content\/uploads\/2022\/11\/img-20201005-wa0185-largejpg.jpg 1200w\" sizes=\"(max-width: 300px) 100vw, 300px\" \/> <img loading=\"lazy\" decoding=\"async\" class=\"alignnone size-medium wp-image-5263\" src=\"http:\/\/tierra-tour.com\/wp-content\/uploads\/2022\/11\/20201006-101105-largejpg-300x202.jpg\" alt=\"\" width=\"300\" height=\"202\" srcset=\"https:\/\/tierra-tour.com\/wp-content\/uploads\/2022\/11\/20201006-101105-largejpg-300x202.jpg 300w, https:\/\/tierra-tour.com\/wp-content\/uploads\/2022\/11\/20201006-101105-largejpg-1024x690.jpg 1024w, https:\/\/tierra-tour.com\/wp-content\/uploads\/2022\/11\/20201006-101105-largejpg-768x518.jpg 768w, https:\/\/tierra-tour.com\/wp-content\/uploads\/2022\/11\/20201006-101105-largejpg-18x12.jpg 18w, https:\/\/tierra-tour.com\/wp-content\/uploads\/2022\/11\/20201006-101105-largejpg-416x280.jpg 416w, https:\/\/tierra-tour.com\/wp-content\/uploads\/2022\/11\/20201006-101105-largejpg-636x426.jpg 636w, https:\/\/tierra-tour.com\/wp-content\/uploads\/2022\/11\/20201006-101105-largejpg-600x404.jpg 600w, https:\/\/tierra-tour.com\/wp-content\/uploads\/2022\/11\/20201006-101105-largejpg.jpg 1080w\" sizes=\"(max-width: 300px) 100vw, 300px\" \/><\/div>\n<div><\/div>\n<div>[table id=4 \/]<\/div>\n<div><\/div>\n<\/div>","protected":false},"excerpt":{"rendered":"<p>Overview Get up close to dolphins on a snorkel trip from Hurghada. Enjoy a boat cruise to areas in the open sea where you can swim or snorkel with dolphins among colorful coral reefs. You will Enjoy a relaxing full-day cruise on the Red Sea with your family. Explore various stunning coral reefs as you [&hellip;]<\/p>","protected":false},"featured_media":4930,"comment_status":"closed","ping_status":"closed","template":"","meta":[],"product_brand":[],"product_cat":[45,43],"product_tag":[83,84,65,62,76],"class_list":{"0":"post-4928","1":"product","2":"type-product","3":"status-publish","4":"has-post-thumbnail","6":"product_cat-daily-trips","7":"product_cat-sea-trips","8":"product_tag-dolphin","9":"product_tag-dolphin-house","10":"product_tag-giftun","11":"product_tag-orange-bay","12":"product_tag-paradise","14":"first","15":"instock","16":"sale","17":"shipping-taxable","18":"purchasable","19":"product-type-ovabrw_car_rental"},"_links":{"self":[{"href":"https:\/\/tierra-tour.com\/fr\/wp-json\/wp\/v2\/product\/4928","targetHints":{"allow":["GET"]}}],"collection":[{"href":"https:\/\/tierra-tour.com\/fr\/wp-json\/wp\/v2\/product"}],"about":[{"href":"https:\/\/tierra-tour.com\/fr\/wp-json\/wp\/v2\/types\/product"}],"replies":[{"embeddable":true,"href":"https:\/\/tierra-tour.com\/fr\/wp-json\/wp\/v2\/comments?post=4928"}],"wp:featuredmedia":[{"embeddable":true,"href":"https:\/\/tierra-tour.com\/fr\/wp-json\/wp\/v2\/media\/4930"}],"wp:attachment":[{"href":"https:\/\/tierra-tour.com\/fr\/wp-json\/wp\/v2\/media?parent=4928"}],"wp:term":[{"taxonomy":"product_brand","embeddable":true,"href":"https:\/\/tierra-tour.com\/fr\/wp-json\/wp\/v2\/product_brand?post=4928"},{"taxonomy":"product_cat","embeddable":true,"href":"https:\/\/tierra-tour.com\/fr\/wp-json\/wp\/v2\/product_cat?post=4928"},{"taxonomy":"product_tag","embeddable":true,"href":"https:\/\/tierra-tour.com\/fr\/wp-json\/wp\/v2\/product_tag?post=4928"}],"curies":[{"name":"wp","href":"https:\/\/api.w.org\/{rel}","templated":true}]}}