{"id":4941,"date":"2022-11-05T23:13:04","date_gmt":"2022-11-05T23:13:04","guid":{"rendered":"https:\/\/pharaohreisen.com\/?post_type=product&#038;p=4941"},"modified":"2022-12-15T21:19:10","modified_gmt":"2022-12-15T21:19:10","slug":"buggy-spider-car","status":"publish","type":"product","link":"https:\/\/tierra-tour.com\/fr\/produit\/buggy-spider-car\/","title":{"rendered":"Buggy-Spider Car"},"content":{"rendered":"<h2>Overview<\/h2>\n<div data-track=\"overview\" data-v-682f2170=\"\">\n<section id=\"activity-overview\" class=\"activity-overview\" data-component=\"overview\" data-v-316219c4=\"\" data-v-682f2170=\"\">\n<header class=\"header\">\n<div class=\"texth\">\n<p>Le d\u00e9sert \u00e9gyptien fascine les vacanciers de nombreux pays et offre beaucoup. Exp\u00e9rimentez le d\u00e9sert sans limites avec un Land Cruiser, conduisez un quad et un buggy araign\u00e9e. Profitez d'une exp\u00e9rience de vitesse merveilleuse et d\u00e9couvrez le d\u00e9sert sans fin. Faites connaissance avec la vie extraordinaire des B\u00e9douins. Montez un chameau amical \u00e0 travers le paysage d\u00e9sertique spectaculaire.<\/p>\n<p>Cette aventure dans le d\u00e9sert est une exp\u00e9rience inoubliable, m\u00eame en plein jour. Un Land Cruiser viendra vous chercher \u00e0 votre h\u00f4tel \u00e0 Hurghada et vous emm\u00e8nera dans le d\u00e9sert.<\/p>\n<p>Vous aurez l'opportunit\u00e9 d'essayer un sport passionnant \u2013 le quad-biking \u00e0 travers les paysages d\u00e9sertiques infinis. Exp\u00e9rimentez le paysage immacul\u00e9 du Sahara lors d'une promenade en quad-bike anim\u00e9e. Aussi, lorsque vous voudrez prendre une pause de conduite, vous pourrez essayer diff\u00e9rentes activit\u00e9s dans le d\u00e9sert. Conduisez le buggy araign\u00e9e et essayez de descendre les pentes de dune comme si le sable \u00e9tait de l'eau.<\/p>\n<p>Ensuite, vous serez emmen\u00e9 dans un village b\u00e9douin dans le d\u00e9sert, o\u00f9 vous aurez l'opportunit\u00e9 de monter un chameau. Explorez le village b\u00e9douin traditionnel et apprenez sur la culture locale avec votre guide expert. Il y a plusieurs arr\u00eats pour des s\u00e9ances de photos sur cette safari d\u00e9sertique passionnante, vous pouvez capturer vos souvenirs inoubliables et les emporter avec vous.<\/p>\n<p>Traitez-vous \u00e0 une pause dans la nature ou tirez sur le narguil\u00e9 pendant que vous attendez avec impatience le d\u00eener barbecue. Admirez le coucher de soleil \u00e0 couper le souffle, puis savourez un buffet du soir traditionnel avec des plats locaux. Enfin, exp\u00e9rimentez le point culminant de la safari d\u00e9sertique : un spectacle oriental merveilleux et une danse de tanoura douce.<\/p>\n<p>&nbsp;<\/p>\n<\/div>\n<\/header>\n<h3 class=\"activity-overview__content activity-overview__content--certified\" data-test-id=\"activity-overview-content\"><strong>\"Points forts de la tourn\u00e9e\"<\/strong><\/h3>\n<\/section>\n<\/div>\n<ul>\n<li>Une aventure d\u00e9sertique palpitante en quad, buggy araign\u00e9e, jeep et chameau<\/li>\n<li>L'occasion de d\u00e9couvrir des zones cach\u00e9es dans le terrain ouvert autour d'Hurghada<\/li>\n<li>Exp\u00e9riencez la magie du Sahara au coucher du soleil lors de cette safari d\u00e9sertique extraordinaire<\/li>\n<li>Exp\u00e9riences culturelles avec de la musique folk et un spectacle oriental<\/li>\n<li>Profitez d'un d\u00eener BBQ de cuisine \u00e9gyptienne traditionnelle<\/li>\n<\/ul>","protected":false},"excerpt":{"rendered":"<p>Overview The Egyptian desert fascinates vacationers from many countries and it has so much to offer. Experience the boundless desert with a Land Cruiser, drive a quad bike and spider buggy. Enjoy a wonderful speed experience and discover the boundless desert. Get to know the extraordinary life of the Bedouin. Ride a friendly camel through [&hellip;]<\/p>","protected":false},"featured_media":4943,"comment_status":"closed","ping_status":"closed","template":"","meta":[],"product_brand":[],"product_cat":[45,44],"product_tag":[85,71,73,74,86,75],"class_list":{"0":"post-4941","1":"product","2":"type-product","3":"status-publish","4":"has-post-thumbnail","6":"product_cat-daily-trips","7":"product_cat-desert-trips","8":"product_tag-buggy","9":"product_tag-quad-bike","10":"product_tag-quad-hurghada","11":"product_tag-safari","12":"product_tag-spider","13":"product_tag-super-safari","15":"first","16":"instock","17":"sale","18":"shipping-taxable","19":"purchasable","20":"product-type-ovabrw_car_rental"},"_links":{"self":[{"href":"https:\/\/tierra-tour.com\/fr\/wp-json\/wp\/v2\/product\/4941","targetHints":{"allow":["GET"]}}],"collection":[{"href":"https:\/\/tierra-tour.com\/fr\/wp-json\/wp\/v2\/product"}],"about":[{"href":"https:\/\/tierra-tour.com\/fr\/wp-json\/wp\/v2\/types\/product"}],"replies":[{"embeddable":true,"href":"https:\/\/tierra-tour.com\/fr\/wp-json\/wp\/v2\/comments?post=4941"}],"wp:featuredmedia":[{"embeddable":true,"href":"https:\/\/tierra-tour.com\/fr\/wp-json\/wp\/v2\/media\/4943"}],"wp:attachment":[{"href":"https:\/\/tierra-tour.com\/fr\/wp-json\/wp\/v2\/media?parent=4941"}],"wp:term":[{"taxonomy":"product_brand","embeddable":true,"href":"https:\/\/tierra-tour.com\/fr\/wp-json\/wp\/v2\/product_brand?post=4941"},{"taxonomy":"product_cat","embeddable":true,"href":"https:\/\/tierra-tour.com\/fr\/wp-json\/wp\/v2\/product_cat?post=4941"},{"taxonomy":"product_tag","embeddable":true,"href":"https:\/\/tierra-tour.com\/fr\/wp-json\/wp\/v2\/product_tag?post=4941"}],"curies":[{"name":"wp","href":"https:\/\/api.w.org\/{rel}","templated":true}]}}