{"id":4964,"date":"2022-11-06T23:06:37","date_gmt":"2022-11-06T23:06:37","guid":{"rendered":"https:\/\/pharaohreisen.com\/?post_type=product&#038;p=4964"},"modified":"2022-12-15T21:18:38","modified_gmt":"2022-12-15T21:18:38","slug":"horse-camel-riding","status":"publish","type":"product","link":"https:\/\/tierra-tour.com\/fr\/produit\/horse-camel-riding\/","title":{"rendered":"\"Randonn\u00e9e \u00e0 Cheval-Camel\""},"content":{"rendered":"<h2>Overview<\/h2>\n<div data-track=\"overview\" data-v-682f2170=\"\">\n<section id=\"activity-overview\" class=\"activity-overview\" data-component=\"overview\" data-v-316219c4=\"\" data-v-682f2170=\"\">\n<header class=\"header\">\n<div class=\"texth\">\n<p>C'est l'un des destinations les plus exotiques pour l'\u00e9quitation en \u00c9gypte, et pour couronner le tout, il est raisonnablement prix ! La culture \u00e9questre ancienne est tr\u00e8s vivante en \u00c9gypte, et il est douteux que n'importe quelle partie du monde puisse \u00e9galer sa riche mosa\u00efque historique.<\/p>\n<p>La culture \u00e9questre ancienne est tr\u00e8s vivante en \u00c9gypte, et il est douteux que n'importe quelle partie du monde puisse \u00e9galer sa riche et vaste mosa\u00efque historique.<br \/>\nPrenez ce tour \u00e9questre avec les chevaux de race les plus fins et des entra\u00eeneurs exp\u00e9riment\u00e9s.<br \/>\nDes entra\u00eeneurs \u00e9questres sont \u00e9galement fournis pour vous donner des conseils pr\u00e9-\u00e9quitation et pour vous assister tout au long de votre promenade.<br \/>\nUne autre activit\u00e9 d'excursion incontournable pendant votre s\u00e9jour \u00e0 Hurghada, pour les amoureux des chevaux de tous genres ! C'est une activit\u00e9 conviviale pour les familles.<\/p>\n<\/div>\n<\/header>\n<h3 class=\"activity-overview__content activity-overview__content--certified\" data-test-id=\"activity-overview-content\"><strong>\"Points forts de la tourn\u00e9e\"<\/strong><\/h3>\n<\/section>\n<\/div>\n<ul>\n<li>Exp\u00e9rimentez le d\u00e9sert (ou le d\u00e9sert et la plage) \u00e0 cheval<\/li>\n<li>Montez un chameau, une exp\u00e9rience unique dans une vie<\/li>\n<li>Profitez d'un transport aller-retour pratique.<\/li>\n<\/ul>","protected":false},"excerpt":{"rendered":"<p>Overview This is one of the most exotic destinations for horseback riding in Egypt, and to top it off, it is reasonably priced! The ancient horse culture is very much alive in Egypt, and it is doubtful that any part of the world can match its rich . The ancient horse culture is very much [&hellip;]<\/p>","protected":false},"featured_media":4966,"comment_status":"closed","ping_status":"closed","template":"","meta":[],"product_brand":[],"product_cat":[45,44],"product_tag":[87,88,89,90,71,73,74,75],"class_list":{"0":"post-4964","1":"product","2":"type-product","3":"status-publish","4":"has-post-thumbnail","6":"product_cat-daily-trips","7":"product_cat-desert-trips","8":"product_tag-camel","9":"product_tag-camel-ride","10":"product_tag-horse","11":"product_tag-horse-ride","12":"product_tag-quad-bike","13":"product_tag-quad-hurghada","14":"product_tag-safari","15":"product_tag-super-safari","17":"first","18":"instock","19":"sale","20":"shipping-taxable","21":"purchasable","22":"product-type-ovabrw_car_rental"},"_links":{"self":[{"href":"https:\/\/tierra-tour.com\/fr\/wp-json\/wp\/v2\/product\/4964","targetHints":{"allow":["GET"]}}],"collection":[{"href":"https:\/\/tierra-tour.com\/fr\/wp-json\/wp\/v2\/product"}],"about":[{"href":"https:\/\/tierra-tour.com\/fr\/wp-json\/wp\/v2\/types\/product"}],"replies":[{"embeddable":true,"href":"https:\/\/tierra-tour.com\/fr\/wp-json\/wp\/v2\/comments?post=4964"}],"wp:featuredmedia":[{"embeddable":true,"href":"https:\/\/tierra-tour.com\/fr\/wp-json\/wp\/v2\/media\/4966"}],"wp:attachment":[{"href":"https:\/\/tierra-tour.com\/fr\/wp-json\/wp\/v2\/media?parent=4964"}],"wp:term":[{"taxonomy":"product_brand","embeddable":true,"href":"https:\/\/tierra-tour.com\/fr\/wp-json\/wp\/v2\/product_brand?post=4964"},{"taxonomy":"product_cat","embeddable":true,"href":"https:\/\/tierra-tour.com\/fr\/wp-json\/wp\/v2\/product_cat?post=4964"},{"taxonomy":"product_tag","embeddable":true,"href":"https:\/\/tierra-tour.com\/fr\/wp-json\/wp\/v2\/product_tag?post=4964"}],"curies":[{"name":"wp","href":"https:\/\/api.w.org\/{rel}","templated":true}]}}