{"id":4978,"date":"2022-11-06T23:34:14","date_gmt":"2022-11-06T23:34:14","guid":{"rendered":"https:\/\/pharaohreisen.com\/?post_type=product&#038;p=4978"},"modified":"2022-12-15T21:18:12","modified_gmt":"2022-12-15T21:18:12","slug":"city-tour-hurghada","status":"publish","type":"product","link":"https:\/\/tierra-tour.com\/fr\/produit\/city-tour-hurghada\/","title":{"rendered":"\"Tour de la Ville Hurghada\""},"content":{"rendered":"<h2>Overview<\/h2>\n<div data-track=\"overview\" data-v-682f2170=\"\">\n<section id=\"activity-overview\" class=\"activity-overview\" data-component=\"overview\" data-v-316219c4=\"\" data-v-682f2170=\"\">\n<div data-track=\"overview\" data-v-518fc7ba=\"\">\n<section id=\"activity-overview\" class=\"activity-overview\" data-component=\"overview\" data-v-316219c4=\"\" data-v-518fc7ba=\"\">\n<p class=\"activity-overview__content\" data-test-id=\"activity-overview-content\" data-v-316219c4=\"\">D\u00e9couvrez Hurghada lors d'une visite guid\u00e9e et visitez la mosqu\u00e9e, l'\u00e9glise et le port. Explorez le vieux quartier d'El Dahar avec son charme \u00e9gyptien traditionnel et faites du shopping dans les souks anim\u00e9s de la vieille ville.<\/p>\n<\/section>\n<\/div>\n<div data-track=\"key-details\" data-v-518fc7ba=\"\">D\u00e9couvrez l'histoire d'une tr\u00e8s vieille ville, voyez la partie la plus ancienne de Hurghada (El Dahar) avec son incroyable march\u00e9, puis visitez la plus ancienne \u00e9glise de Hurghada, puis dirigez-vous vers la nouvelle mosqu\u00e9e marine, visitez la mosqu\u00e9e et marchez jusqu'au port de p\u00eache et voyez le march\u00e9 aux poissons et prenez un moment dans le nouveau port marin de Hurghada si vous avez besoin de prendre un verre, puis temps libre pour faire du shopping dans le bazar color\u00e9 de Hurghada. Ensuite, retournez \u00e0 l'h\u00f4tel de Hurghada.<\/div>\n<div data-track=\"key-details\" data-v-518fc7ba=\"\"><\/div>\n<\/section>\n<\/div>\n<div data-track=\"key-details\" data-v-682f2170=\"\">\n<div data-track=\"overview\" data-v-682f2170=\"\">\n<section id=\"activity-overview\" class=\"activity-overview\" data-component=\"overview\" data-v-316219c4=\"\" data-v-682f2170=\"\">\n<div data-track=\"overview\" data-v-48163eac=\"\">\n<section id=\"activity-overview\" class=\"activity-overview activity-overview--certified\" data-component=\"overview\" data-v-316219c4=\"\" data-v-48163eac=\"\">Vous ne voulez pas seulement mieux conna\u00eetre Le Caire et Louxor, mais \u00e9galement votre environnement imm\u00e9diat \u2013 l'ancienne ville de p\u00eache de Hurghada sur la mer Rouge ? Nous vous emm\u00e8nerons en visite dans la ville. Hurghada n'est certainement plus une petite ville, car l'ancien village de p\u00eache compte maintenant presque 200 000 habitants et est, par d\u00e9finition (allemande), d\u00e9j\u00e0 l'une des plus grandes villes. Si vous \u00eates curieux de la ville o\u00f9 vous s\u00e9journez et que vous voulez mieux conna\u00eetre Hurghada avec ses caract\u00e9ristiques locales et ses traditions, alors la visite de la ville est exactement ce qu'il vous faut faire. Avec notre bus confortable, nous vous emm\u00e8nerons aux endroits les plus int\u00e9ressants de Hurghada. Vous verrez la nouvelle marina, les nouvelles et anciennes mosqu\u00e9es, l'\u00e9glise copte et le march\u00e9 local des l\u00e9gumes. Nous nous arr\u00eaterons plusieurs fois, afin que vous puissiez prendre des photos et faire des achats de souvenirs. \u00c0 la fin de la visite, nous vous ram\u00e8nerons \u00e0 votre h\u00f4tel.<\/p>\n<\/section>\n<\/div>\n<\/section>\n<\/div>\n<\/div>\n<h3>\"Points forts de la tourn\u00e9e\"<\/h3>\n<ul>\n<li>Visitez la plus grande mosqu\u00e9e de Hurghada et l'\u00e9glise de Sainte-Marie<\/li>\n<li>Explorez les diff\u00e9rents quartiers de Hurghada<\/li>\n<li>Voyez comment les bateaux de p\u00eache sont construits et restaur\u00e9s en utilisant des m\u00e9thodes traditionnelles<\/li>\n<li>Visitez la vieille ville avec son caract\u00e8re original<\/li>\n<li>Voyez la vie marine de la mer Rouge sans vous mouiller \u00e0 l'Aquarium<\/li>\n<\/ul>","protected":false},"excerpt":{"rendered":"<p>Overview Discover Hurghada on a guided tour and visit the Mosque, Church, and Harbor. Explore the old district of El Dahar with its traditional Egyptian flair, and shop in the bustling souks of the old town. Discover the history of a very old city , see the oldest Part of Hurghada\u00a0( El Dahar) with It`s [&hellip;]<\/p>","protected":false},"featured_media":5023,"comment_status":"closed","ping_status":"closed","template":"","meta":[],"product_brand":[],"product_cat":[46,45],"product_tag":[92,91,94,93],"class_list":{"0":"post-4978","1":"product","2":"type-product","3":"status-publish","4":"has-post-thumbnail","6":"product_cat-cultural-trips","7":"product_cat-daily-trips","8":"product_tag-city","9":"product_tag-city-tour","10":"product_tag-hurghada","11":"product_tag-tour","13":"first","14":"instock","15":"sale","16":"shipping-taxable","17":"purchasable","18":"product-type-ovabrw_car_rental"},"_links":{"self":[{"href":"https:\/\/tierra-tour.com\/fr\/wp-json\/wp\/v2\/product\/4978","targetHints":{"allow":["GET"]}}],"collection":[{"href":"https:\/\/tierra-tour.com\/fr\/wp-json\/wp\/v2\/product"}],"about":[{"href":"https:\/\/tierra-tour.com\/fr\/wp-json\/wp\/v2\/types\/product"}],"replies":[{"embeddable":true,"href":"https:\/\/tierra-tour.com\/fr\/wp-json\/wp\/v2\/comments?post=4978"}],"wp:featuredmedia":[{"embeddable":true,"href":"https:\/\/tierra-tour.com\/fr\/wp-json\/wp\/v2\/media\/5023"}],"wp:attachment":[{"href":"https:\/\/tierra-tour.com\/fr\/wp-json\/wp\/v2\/media?parent=4978"}],"wp:term":[{"taxonomy":"product_brand","embeddable":true,"href":"https:\/\/tierra-tour.com\/fr\/wp-json\/wp\/v2\/product_brand?post=4978"},{"taxonomy":"product_cat","embeddable":true,"href":"https:\/\/tierra-tour.com\/fr\/wp-json\/wp\/v2\/product_cat?post=4978"},{"taxonomy":"product_tag","embeddable":true,"href":"https:\/\/tierra-tour.com\/fr\/wp-json\/wp\/v2\/product_tag?post=4978"}],"curies":[{"name":"wp","href":"https:\/\/api.w.org\/{rel}","templated":true}]}}