{"id":5052,"date":"2022-11-08T23:11:13","date_gmt":"2022-11-08T23:11:13","guid":{"rendered":"https:\/\/pharaohreisen.com\/?post_type=product&#038;p=5052"},"modified":"2022-12-15T21:17:57","modified_gmt":"2022-12-15T21:17:57","slug":"city-tour-el-gouna","status":"publish","type":"product","link":"https:\/\/tierra-tour.com\/fr\/produit\/city-tour-el-gouna\/","title":{"rendered":"\"Tour de la Elgouna"},"content":{"rendered":"<h2>Overview<\/h2>\n<div data-track=\"overview\" data-v-682f2170=\"\">\n<section id=\"activity-overview\" class=\"activity-overview\" data-component=\"overview\" data-v-316219c4=\"\" data-v-682f2170=\"\">\n<div data-track=\"overview\" data-v-518fc7ba=\"\">\n<section id=\"activity-overview\" class=\"activity-overview\" data-component=\"overview\" data-v-316219c4=\"\" data-v-518fc7ba=\"\">\n<p class=\"activity-overview__content\" data-test-id=\"activity-overview-content\" data-v-316219c4=\"\">\"Visitez avec nous le magnifique resort d'El Gouna. El Gouna a \u00e9t\u00e9 construit sur la c\u00f4te de la mer Rouge sur de petites \u00eeles et est connu pour ses belles plages et ses r\u00e9cifs. Probablement le plus beau lieu pour s\u00e9journer est la marina avec les yachts et ses agr\u00e9ables caf\u00e9s et bars. Vous naviguerez pendant une heure en bateau \u00e0 travers les lagunes et exp\u00e9rimenterez l'atmosph\u00e8re unique de l'endroit. Ensuite, visitez la Marina, la mosqu\u00e9e et profitez d'une vue \u00e0 couper le souffle depuis la Tour d'El Gouna.<\/p>\n<div class=\"col-md-7\">\n<p class=\"p2-text space\">El Gouna est sans doute un joyau de la c\u00f4te de la mer Rouge, une Riviera fran\u00e7aise de l'\u00c9gypte, o\u00f9 les beaux yachts et l'architecture unique vous font sentir comme si vous marchiez dans une carte postale. La ville a \u00e9t\u00e9 \u00e9tablie par le tycoon des t\u00e9l\u00e9communications Samir Sawires qui avait une vision de b\u00e2tir une ville de vacances parfaite. Et c'est exactement ce qu'il a fait.\"<\/p>\n<\/div>\n<h3 class=\"activity-overview__content\" data-test-id=\"activity-overview-content\">\"Points forts de la tourn\u00e9e\"<\/h3>\n<\/section>\n<\/div>\n<\/section>\n<\/div>\n<ul>\n<li>Profitez d'une visite guid\u00e9e de la ville d'El Gouna<\/li>\n<li>Admirez les yachts dans le port d'Abu Tig Marina<\/li>\n<li>Entrez dans la Tour d'El Gouna et appr\u00e9ciez les vues magnifiques de la r\u00e9gion environnante<\/li>\n<li>Visitez l'Aquarium d'El Gouna et la place de Tamr Henna<\/li>\n<li>Faites une promenade entre les lagunes pittoresques d'El Gouna<\/li>\n<\/ul>\n<p>[WPCR_SHOW POSTID=&#8221;ALL&#8221; NUM=&#8221;5&#8243; PAGINATE=&#8221;1&#8243; PERPAGE=&#8221;5&#8243; SHOWFORM=&#8221;1&#8243; HIDEREVIEWS=&#8221;0&#8243; HIDERESPONSE=&#8221;0&#8243; SNIPPET=&#8221;&#8221; MORE=&#8221;&#8221; HIDECUSTOM=&#8221;0&#8243; ]<\/p>","protected":false},"excerpt":{"rendered":"<p>Overview Visit with us the beautiful resort of El Gouna. El Gouna was built on the coast of the Red Sea on small islands and is known for his beautiful beaches and reefs. Probably the most beautiful place to stay is the marina with the yachts and his nice cafe&#8217;s and bars. You will sail [&hellip;]<\/p>","protected":false},"featured_media":5054,"comment_status":"closed","ping_status":"closed","template":"","meta":[],"product_brand":[],"product_cat":[46,45],"product_tag":[92,91,94,93],"class_list":{"0":"post-5052","1":"product","2":"type-product","3":"status-publish","4":"has-post-thumbnail","6":"product_cat-cultural-trips","7":"product_cat-daily-trips","8":"product_tag-city","9":"product_tag-city-tour","10":"product_tag-hurghada","11":"product_tag-tour","13":"first","14":"instock","15":"sale","16":"shipping-taxable","17":"purchasable","18":"product-type-ovabrw_car_rental"},"_links":{"self":[{"href":"https:\/\/tierra-tour.com\/fr\/wp-json\/wp\/v2\/product\/5052","targetHints":{"allow":["GET"]}}],"collection":[{"href":"https:\/\/tierra-tour.com\/fr\/wp-json\/wp\/v2\/product"}],"about":[{"href":"https:\/\/tierra-tour.com\/fr\/wp-json\/wp\/v2\/types\/product"}],"replies":[{"embeddable":true,"href":"https:\/\/tierra-tour.com\/fr\/wp-json\/wp\/v2\/comments?post=5052"}],"wp:featuredmedia":[{"embeddable":true,"href":"https:\/\/tierra-tour.com\/fr\/wp-json\/wp\/v2\/media\/5054"}],"wp:attachment":[{"href":"https:\/\/tierra-tour.com\/fr\/wp-json\/wp\/v2\/media?parent=5052"}],"wp:term":[{"taxonomy":"product_brand","embeddable":true,"href":"https:\/\/tierra-tour.com\/fr\/wp-json\/wp\/v2\/product_brand?post=5052"},{"taxonomy":"product_cat","embeddable":true,"href":"https:\/\/tierra-tour.com\/fr\/wp-json\/wp\/v2\/product_cat?post=5052"},{"taxonomy":"product_tag","embeddable":true,"href":"https:\/\/tierra-tour.com\/fr\/wp-json\/wp\/v2\/product_tag?post=5052"}],"curies":[{"name":"wp","href":"https:\/\/api.w.org\/{rel}","templated":true}]}}