{"id":5078,"date":"2022-11-09T23:47:43","date_gmt":"2022-11-09T23:47:43","guid":{"rendered":"https:\/\/pharaohreisen.com\/?post_type=product&#038;p=5078"},"modified":"2022-12-15T21:17:23","modified_gmt":"2022-12-15T21:17:23","slug":"glass-boat","status":"publish","type":"product","link":"https:\/\/tierra-tour.com\/fr\/produit\/glass-boat\/","title":{"rendered":"Bateau de verre"},"content":{"rendered":"<h2>Overview<\/h2>\n<div data-track=\"overview\" data-v-682f2170=\"\">\n<section id=\"activity-overview\" class=\"activity-overview\" data-component=\"overview\" data-v-316219c4=\"\" data-v-682f2170=\"\">\n<div data-track=\"overview\" data-v-ad6c2744=\"\">\n<section id=\"activity-overview\" class=\"activity-overview activity-overview--certified\" data-component=\"overview\" data-v-316219c4=\"\" data-v-ad6c2744=\"\">\n<div class=\"d-flex justify-content-end\">\n<div class=\"intro-modal modal modal-fullscreen fade description-modal show\" role=\"dialog\">\n<div class=\"modal-dialog modal-lg\" role=\"document\">\n<div class=\"modal-content border-0\">\n<div class=\"intro-modal-text mb-5 mx-5\">\n<p>Profitez d'une exp\u00e9rience divertissante et hautement \u00e9ducative sur le sous-marin Sinbad tandis que vous descendez en dessous de la surface de la Mer Rouge. \u00c9merveillez-vous devant le paysage corallien merveilleux et la vari\u00e9t\u00e9 incroyable de poissons color\u00e9s tandis que vous atteignez des profondeurs allant jusqu'\u00e0 20 m\u00e8tres.<\/p>\n<p>La mani\u00e8re la plus facile de prendre la Mer Rouge comme amie. D\u00e9couvrez les secrets de la Mer Rouge sans m\u00eame mouiller vos v\u00eatements. Vous commencez votre voyage avec notre guide professionnel pour d\u00e9couvrir les secrets de la Mer Rouge avec ses jardins de r\u00e9cifs coralliens et ses poissons color\u00e9s incroyables depuis le bateau en verre climatis\u00e9.<\/p>\n<\/div>\n<\/div>\n<\/div>\n<\/div>\n<\/div>\n<\/section>\n<\/div>\n<h3 class=\"activity-overview__content activity-overview__content--certified\" data-test-id=\"activity-overview-content\"><strong>\"Points forts de la tourn\u00e9e\"<\/strong><\/h3>\n<\/section>\n<\/div>\n<ul>\n<li>Descendez 20 m\u00e8tres sous la surface de la Mer Rouge \u00e0 bord du sous-marin Sindbad<\/li>\n<li>Admirez la vie sous-marine du paradis corallin<\/li>\n<li>Profitez d'une exp\u00e9rience de plong\u00e9e tout en restant sec et confortable<\/li>\n<li>Embarquez pour une excursion en bateau vers le seul sous-marin du Moyen-Orient\"<\/li>\n<\/ul>","protected":false},"excerpt":{"rendered":"<p>Overview Enjoy an entertaining and highly educational experience on the Sinbad Submarine as you descend below the surface of the Red Sea. Marvel at the coral wonderland and the amazing variety of colorful fish as you head to depths of up to 20 meters. The Easiest way to take the Red Sea as a friend. [&hellip;]<\/p>","protected":false},"featured_media":5094,"comment_status":"closed","ping_status":"closed","template":"","meta":[],"product_brand":[],"product_cat":[45,43],"product_tag":[99,98,100],"class_list":{"0":"post-5078","1":"product","2":"type-product","3":"status-publish","4":"has-post-thumbnail","6":"product_cat-daily-trips","7":"product_cat-sea-trips","8":"product_tag-sindbad","9":"product_tag-submarine","10":"product_tag-underwater-world","12":"first","13":"instock","14":"sale","15":"shipping-taxable","16":"purchasable","17":"product-type-ovabrw_car_rental"},"_links":{"self":[{"href":"https:\/\/tierra-tour.com\/fr\/wp-json\/wp\/v2\/product\/5078","targetHints":{"allow":["GET"]}}],"collection":[{"href":"https:\/\/tierra-tour.com\/fr\/wp-json\/wp\/v2\/product"}],"about":[{"href":"https:\/\/tierra-tour.com\/fr\/wp-json\/wp\/v2\/types\/product"}],"replies":[{"embeddable":true,"href":"https:\/\/tierra-tour.com\/fr\/wp-json\/wp\/v2\/comments?post=5078"}],"wp:featuredmedia":[{"embeddable":true,"href":"https:\/\/tierra-tour.com\/fr\/wp-json\/wp\/v2\/media\/5094"}],"wp:attachment":[{"href":"https:\/\/tierra-tour.com\/fr\/wp-json\/wp\/v2\/media?parent=5078"}],"wp:term":[{"taxonomy":"product_brand","embeddable":true,"href":"https:\/\/tierra-tour.com\/fr\/wp-json\/wp\/v2\/product_brand?post=5078"},{"taxonomy":"product_cat","embeddable":true,"href":"https:\/\/tierra-tour.com\/fr\/wp-json\/wp\/v2\/product_cat?post=5078"},{"taxonomy":"product_tag","embeddable":true,"href":"https:\/\/tierra-tour.com\/fr\/wp-json\/wp\/v2\/product_tag?post=5078"}],"curies":[{"name":"wp","href":"https:\/\/api.w.org\/{rel}","templated":true}]}}