{"id":5079,"date":"2022-11-09T23:48:20","date_gmt":"2022-11-09T23:48:20","guid":{"rendered":"https:\/\/pharaohreisen.com\/?post_type=product&#038;p=5079"},"modified":"2022-12-15T21:16:53","modified_gmt":"2022-12-15T21:16:53","slug":"spa-and-massage","status":"publish","type":"product","link":"https:\/\/tierra-tour.com\/fr\/produit\/spa-and-massage\/","title":{"rendered":"Spa et Massage"},"content":{"rendered":"<h2>Overview<\/h2>\n<div data-track=\"overview\" data-v-682f2170=\"\">\n<section id=\"activity-overview\" class=\"activity-overview\" data-component=\"overview\" data-v-316219c4=\"\" data-v-682f2170=\"\">\n<div data-track=\"overview\" data-v-ad6c2744=\"\">\n<section id=\"activity-overview\" class=\"activity-overview activity-overview--certified\" data-component=\"overview\" data-v-316219c4=\"\" data-v-ad6c2744=\"\">\n<div class=\"d-flex justify-content-end\">\n<div class=\"intro-modal modal modal-fullscreen fade description-modal show\" role=\"dialog\">\n<div class=\"modal-dialog modal-lg\" role=\"document\">\n<div class=\"modal-content border-0\">\n<div class=\"intro-modal-text mb-5 mx-5\">\n<p>Nous avons choisi pour vous le meilleur programme de spa et de massage \u00e0 Hurghada : le \"Programme Cl\u00e9op\u00e2tre\".<\/p>\n<p>Vivez une exp\u00e9rience VIP avec le programme de bain Cl\u00e9op\u00e2tre, incluant le transport depuis Hurghada. Profitez d'un bain de reine Cl\u00e9op\u00e2tre, sauna, bain de vapeur, jacuzzi, traitement exfoliant, massage de 45 minutes et une boisson chaude.<\/p>\n<p>Votre parcours \u00e0 l'int\u00e9rieur du bain Cl\u00e9op\u00e2tre commencera par un accueil \u00e0 l'entr\u00e9e et une orientation vers la salle de sauna o\u00f9 vous pourrez profiter de 10 \u00e0 15 minutes, suivies de 10 \u00e0 15 minutes de bain de vapeur pour d\u00e9tendre et adoucir votre peau, ainsi que pour aider votre corps \u00e0 s'adapter \u00e0 la chaleur du bain Cl\u00e9op\u00e2tre. Ensuite, vous passerez 10 \u00e0 15 minutes dans le jacuzzi. Vous vous allongerez d'abord sur la pierre chauffante, le marbre hexagonal chauff\u00e9 au centre, pendant au moins 10 minutes. Puis, dans le bassin d'eau en marbre poli, vous exfolierez votre corps avec un gant de gommage sp\u00e9cial pendant 20 \u00e0 25 minutes. Apr\u00e8s rin\u00e7age, la derni\u00e8re \u00e9tape du rituel \u2013 le lavage \u00e0 la mousse (savon moussant) \u2013 commencera et vous serez frott\u00e9 avec un luffa, vous laissant une sensation de purification.<\/p>\n<\/div>\n<\/div>\n<\/div>\n<\/div>\n<\/div>\n<\/section>\n<\/div>\n<h3 class=\"activity-overview__content activity-overview__content--certified\" data-test-id=\"activity-overview-content\"><strong>\"Points forts de la tourn\u00e9e\"<\/strong><\/h3>\n<\/section>\n<\/div>\n<ul>\n<li>Vivez un bain luxueux de Cl\u00e9op\u00e2tre<\/li>\n<li>Profitez de votre temps libre dans le sauna, le bain de vapeur et le jacuzzi<\/li>\n<li>D\u00e9tendez-vous pendant un massage de 45 minutes<\/li>\n<li>Savourez une boisson chaude dans la salle de relaxation<\/li>\n<li>Rafra\u00eechissez votre peau avec un traitement exfoliant<\/li>\n<\/ul>","protected":false},"excerpt":{"rendered":"<p>Overview We chose for you best program for Spa and Massage in Hurghada \u201d Cleopatra program\u201d Experience a VIP Cleopatra bath program, including transportation from Hurghada. Enjoy a Cleopatra Queen bath, sauna, steam bath, jacuzzi, peeling treatment, 45-minute massage, and a hot drink. Your journey inside the Cleopatra bath, will be welcoming you at the [&hellip;]<\/p>","protected":false},"featured_media":5081,"comment_status":"closed","ping_status":"closed","template":"","meta":[],"product_brand":[],"product_cat":[45],"product_tag":[96,95,97],"class_list":{"0":"post-5079","1":"product","2":"type-product","3":"status-publish","4":"has-post-thumbnail","6":"product_cat-daily-trips","7":"product_tag-aquarium","8":"product_tag-grand-aquarium","9":"product_tag-hurghada-aquarium","11":"first","12":"instock","13":"sale","14":"shipping-taxable","15":"purchasable","16":"product-type-ovabrw_car_rental"},"_links":{"self":[{"href":"https:\/\/tierra-tour.com\/fr\/wp-json\/wp\/v2\/product\/5079","targetHints":{"allow":["GET"]}}],"collection":[{"href":"https:\/\/tierra-tour.com\/fr\/wp-json\/wp\/v2\/product"}],"about":[{"href":"https:\/\/tierra-tour.com\/fr\/wp-json\/wp\/v2\/types\/product"}],"replies":[{"embeddable":true,"href":"https:\/\/tierra-tour.com\/fr\/wp-json\/wp\/v2\/comments?post=5079"}],"wp:featuredmedia":[{"embeddable":true,"href":"https:\/\/tierra-tour.com\/fr\/wp-json\/wp\/v2\/media\/5081"}],"wp:attachment":[{"href":"https:\/\/tierra-tour.com\/fr\/wp-json\/wp\/v2\/media?parent=5079"}],"wp:term":[{"taxonomy":"product_brand","embeddable":true,"href":"https:\/\/tierra-tour.com\/fr\/wp-json\/wp\/v2\/product_brand?post=5079"},{"taxonomy":"product_cat","embeddable":true,"href":"https:\/\/tierra-tour.com\/fr\/wp-json\/wp\/v2\/product_cat?post=5079"},{"taxonomy":"product_tag","embeddable":true,"href":"https:\/\/tierra-tour.com\/fr\/wp-json\/wp\/v2\/product_tag?post=5079"}],"curies":[{"name":"wp","href":"https:\/\/api.w.org\/{rel}","templated":true}]}}