{"id":5103,"date":"2022-11-11T23:14:07","date_gmt":"2022-11-11T23:14:07","guid":{"rendered":"https:\/\/pharaohreisen.com\/?post_type=product&#038;p=5103"},"modified":"2022-12-15T21:16:30","modified_gmt":"2022-12-15T21:16:30","slug":"elite-vip-cruise","status":"publish","type":"product","link":"https:\/\/tierra-tour.com\/fr\/produit\/elite-vip-cruise\/","title":{"rendered":"Croisi\u00e8re VIP de luxe"},"content":{"rendered":"<h2>Overview<\/h2>\n<div data-track=\"overview\" data-v-682f2170=\"\">\n<section id=\"activity-overview\" class=\"activity-overview\" data-component=\"overview\" data-v-316219c4=\"\" data-v-682f2170=\"\">\n<div data-track=\"overview\" data-v-ad6c2744=\"\">\n<section id=\"activity-overview\" class=\"activity-overview activity-overview--certified\" data-component=\"overview\" data-v-316219c4=\"\" data-v-ad6c2744=\"\">\n<div class=\"d-flex justify-content-end\">\n<div class=\"intro-modal modal modal-fullscreen fade description-modal show\" role=\"dialog\">\n<div class=\"modal-dialog modal-lg\" role=\"document\">\n<div class=\"modal-content border-0\">\n<div class=\"intro-modal-text mb-5 mx-5\">\n<section class=\"e-PDPSection\" aria-expanded=\"true\">\n<div class=\"e-PDPSection-content\" aria-hidden=\"false\">\n<div>Profitez de votre temps et d\u00e9tendez-vous pendant cette croisi\u00e8re VIP de luxe au d\u00e9part de Hurghada ! Commencez par une prise en charge \u00e0 votre h\u00f4tel et embarquez sur un luxueux bateau de croisi\u00e8re dans la mer Rouge, laissant votre \u00e9quipage et votre capitaine s'occuper du reste. Choisissez votre emplacement pour bronzer et gardez un \u0153il ouvert pour les dauphins, qui pourraient vous saluer pendant la croisi\u00e8re. Une fois arriv\u00e9 au premier site de snorkeling, explorez les r\u00e9cifs de corail et profitez de votre temps avant de vous diriger vers le deuxi\u00e8me emplacement. Apr\u00e8s avoir termin\u00e9 le snorkeling au deuxi\u00e8me emplacement, vous appr\u00e9cierez un d\u00e9jeuner buffet avant de vous rendre au dernier site. Une fois la croisi\u00e8re termin\u00e9e, vous serez d\u00e9pos\u00e9 de retour \u00e0 votre h\u00f4tel.<\/div>\n<\/div>\n<\/section>\n<section class=\"e-PDPSection\" aria-expanded=\"false\"><\/section>\n<h3><strong>\"Points forts de la tourn\u00e9e\"<\/strong><\/h3>\n<\/div>\n<\/div>\n<\/div>\n<\/div>\n<\/div>\n<\/section>\n<\/div>\n<\/section>\n<\/div>\n<ul>\n<li>Exp\u00e9rimentez une croisi\u00e8re amusante de la mer Rouge de Hurghada et d\u00e9couvrez la beaut\u00e9 de la mer<\/li>\n<li>D\u00e9couvrez la beaut\u00e9 de la mer Rouge \u00e0 bord d'un bateau de croisi\u00e8re de luxe<\/li>\n<li>Explorez les secrets de la mer et nagez avec des tortues de mer, des raies et des poissons-anges.<\/li>\n<li>D\u00e9tendez-vous \u00e0 bord et appr\u00e9ciez un buffet luxueux de style \u00e9gyptien (fruits de mer).<\/li>\n<li>Profitez de la natation avec les dauphins pendant des heures et jouez avec un grand groupe de dauphins.<\/li>\n<\/ul>","protected":false},"excerpt":{"rendered":"<p>Overview Enjoy your time and relax during this elite VIP cruise from Hurghada!Start with a pickup at your hotel and board a nice luxurious cruise boat into the Red Sea and let your crew and captain take care of the rest. Pick your sunbathing spot, and keep an eye out for dolphins, who might say [&hellip;]<\/p>","protected":false},"featured_media":5105,"comment_status":"closed","ping_status":"closed","template":"","meta":[],"product_brand":[],"product_cat":[45,43],"product_tag":[101,102,99,98,100,103],"class_list":{"0":"post-5103","1":"product","2":"type-product","3":"status-publish","4":"has-post-thumbnail","6":"product_cat-daily-trips","7":"product_cat-sea-trips","8":"product_tag-elite","9":"product_tag-elite-vip","10":"product_tag-sindbad","11":"product_tag-submarine","12":"product_tag-underwater-world","13":"product_tag-vip-cruise","15":"first","16":"instock","17":"sale","18":"shipping-taxable","19":"purchasable","20":"product-type-ovabrw_car_rental"},"_links":{"self":[{"href":"https:\/\/tierra-tour.com\/fr\/wp-json\/wp\/v2\/product\/5103","targetHints":{"allow":["GET"]}}],"collection":[{"href":"https:\/\/tierra-tour.com\/fr\/wp-json\/wp\/v2\/product"}],"about":[{"href":"https:\/\/tierra-tour.com\/fr\/wp-json\/wp\/v2\/types\/product"}],"replies":[{"embeddable":true,"href":"https:\/\/tierra-tour.com\/fr\/wp-json\/wp\/v2\/comments?post=5103"}],"wp:featuredmedia":[{"embeddable":true,"href":"https:\/\/tierra-tour.com\/fr\/wp-json\/wp\/v2\/media\/5105"}],"wp:attachment":[{"href":"https:\/\/tierra-tour.com\/fr\/wp-json\/wp\/v2\/media?parent=5103"}],"wp:term":[{"taxonomy":"product_brand","embeddable":true,"href":"https:\/\/tierra-tour.com\/fr\/wp-json\/wp\/v2\/product_brand?post=5103"},{"taxonomy":"product_cat","embeddable":true,"href":"https:\/\/tierra-tour.com\/fr\/wp-json\/wp\/v2\/product_cat?post=5103"},{"taxonomy":"product_tag","embeddable":true,"href":"https:\/\/tierra-tour.com\/fr\/wp-json\/wp\/v2\/product_tag?post=5103"}],"curies":[{"name":"wp","href":"https:\/\/api.w.org\/{rel}","templated":true}]}}