{"id":5194,"date":"2022-11-26T19:39:02","date_gmt":"2022-11-26T19:39:02","guid":{"rendered":"https:\/\/pharaohreisen.com\/?post_type=product&#038;p=5194"},"modified":"2022-12-15T21:15:42","modified_gmt":"2022-12-15T21:15:42","slug":"utopia-island","status":"publish","type":"product","link":"https:\/\/tierra-tour.com\/fr\/produit\/utopia-island\/","title":{"rendered":"\"\u00cele de l'Utopie\""},"content":{"rendered":"<h2>Overview<\/h2>\n<div data-track=\"overview\" data-v-682f2170=\"\">\n<section id=\"activity-overview\" class=\"activity-overview\" data-component=\"overview\" data-v-316219c4=\"\" data-v-682f2170=\"\">\"Tour de snorkeling de l'\u00eele Utopia | L'\u00eele Utopia est situ\u00e9e pr\u00e8s de Safaga et est c\u00e9l\u00e8bre pour ses eaux cristallines, ses plages dor\u00e9es, ses r\u00e9cifs de corail et ses poissons exotiques.<br \/>\nL'\u00eele Utopia \u00e0 Hurghada est tr\u00e8s populaire aupr\u00e8s des touristes. Cela est en partie d\u00fb aux l\u00e9gendes qui entourent l'\u00eele. Par exemple, son sable est cens\u00e9 avoir des propri\u00e9t\u00e9s m\u00e9dicinales. Apr\u00e8s y avoir pass\u00e9 un peu de temps, tout le monde commence \u00e0 ressentir une vague de force.<\/p>\n<h3 class=\"activity-overview__content activity-overview__content--certified\" data-test-id=\"activity-overview-content\"><strong>\"Points forts de la tourn\u00e9e\"<\/strong><\/h3>\n<\/section>\n<\/div>\n<ul>\n<li>3 arr\u00eats de snorkeling<\/li>\n<li>Bateau-banane et quatro<\/li>\n<li>Promenade en bateau \u00e0 fond de verre<\/li>\n<li>S\u00e9jour sur l'\u00eele Utopia\"<\/li>\n<\/ul>","protected":false},"excerpt":{"rendered":"<p>Overview Utopia Island Snorkeling Tour | Utopia Island is located near Safaga and is famous for its crystal clear water, golden beaches, coral reefs, and exotic fish. Utopia Island in Hurghada is very popular with tourists. This is partly due to the accompanying legends about the island. For example, its sand is said to have [&hellip;]<\/p>","protected":false},"featured_media":5195,"comment_status":"closed","ping_status":"closed","template":"","meta":[],"product_brand":[],"product_cat":[45,43],"product_tag":[65,63,62,76,77],"class_list":{"0":"post-5194","1":"product","2":"type-product","3":"status-publish","4":"has-post-thumbnail","6":"product_cat-daily-trips","7":"product_cat-sea-trips","8":"product_tag-giftun","9":"product_tag-orange","10":"product_tag-orange-bay","11":"product_tag-paradise","12":"product_tag-paradise-island","14":"first","15":"instock","16":"sale","17":"shipping-taxable","18":"purchasable","19":"product-type-ovabrw_car_rental"},"_links":{"self":[{"href":"https:\/\/tierra-tour.com\/fr\/wp-json\/wp\/v2\/product\/5194","targetHints":{"allow":["GET"]}}],"collection":[{"href":"https:\/\/tierra-tour.com\/fr\/wp-json\/wp\/v2\/product"}],"about":[{"href":"https:\/\/tierra-tour.com\/fr\/wp-json\/wp\/v2\/types\/product"}],"replies":[{"embeddable":true,"href":"https:\/\/tierra-tour.com\/fr\/wp-json\/wp\/v2\/comments?post=5194"}],"wp:featuredmedia":[{"embeddable":true,"href":"https:\/\/tierra-tour.com\/fr\/wp-json\/wp\/v2\/media\/5195"}],"wp:attachment":[{"href":"https:\/\/tierra-tour.com\/fr\/wp-json\/wp\/v2\/media?parent=5194"}],"wp:term":[{"taxonomy":"product_brand","embeddable":true,"href":"https:\/\/tierra-tour.com\/fr\/wp-json\/wp\/v2\/product_brand?post=5194"},{"taxonomy":"product_cat","embeddable":true,"href":"https:\/\/tierra-tour.com\/fr\/wp-json\/wp\/v2\/product_cat?post=5194"},{"taxonomy":"product_tag","embeddable":true,"href":"https:\/\/tierra-tour.com\/fr\/wp-json\/wp\/v2\/product_tag?post=5194"}],"curies":[{"name":"wp","href":"https:\/\/api.w.org\/{rel}","templated":true}]}}