{"id":5207,"date":"2022-11-26T20:05:46","date_gmt":"2022-11-26T20:05:46","guid":{"rendered":"https:\/\/pharaohreisen.com\/?post_type=product&#038;p=5207"},"modified":"2022-12-15T21:10:50","modified_gmt":"2022-12-15T21:10:50","slug":"sharm-elnaga","status":"publish","type":"product","link":"https:\/\/tierra-tour.com\/fr\/produit\/sharm-elnaga\/","title":{"rendered":"CHARM ELNAGA"},"content":{"rendered":"<h2>Overview<\/h2>\n<div data-track=\"overview\" data-v-682f2170=\"\">\n<section id=\"activity-overview\" class=\"activity-overview\" data-component=\"overview\" data-v-316219c4=\"\" data-v-682f2170=\"\">\n<div class=\"elementor-element elementor-element-3a7506b elementor-widget elementor-widget-text-editor\" data-id=\"3a7506b\" data-element_type=\"widget\" data-widget_type=\"text-editor.default\">\n<div class=\"elementor-widget-container\">\n<p class=\" translation-block\"><strong>Sharm El Naga<\/strong> est la meilleure baie de snorkeling. Le monde sous-marin est grandiose. La plage est parfaite, avec des transats excellents, de grandes ombrelles, il y a \u00e9galement une piscine et des jeux pour les enfants.<br>\nRejoignez-nous pour une tourn\u00e9e de snorkeling inoubliable \u00e0 <strong>Sharm El Naga.<\/strong><\/p>\n<div class=\"elementor-element elementor-element-dd861cd elementor-widget elementor-widget-text-editor\" data-id=\"dd861cd\" data-element_type=\"widget\" data-widget_type=\"text-editor.default\">\n<div class=\"elementor-widget-container\">\n<p class=\" translation-block\">Profitez d'une journ\u00e9e inoubliable \u00e0 la plage de Sharm El Naga. Nagez et faites de la plong\u00e9e en apn\u00e9e pour d\u00e9couvrir une r\u00e9serve sous-marine avec des coraux magnifiques, des poissons color\u00e9s et des animaux marins exotiques.<\/p>\n<p class=\" translation-block\"><strong>Sharm El Naga<\/strong> est un ravissante refuge sous-marin situ\u00e9 au sud de Hurghada. Ici, vous trouverez un magnifique r\u00e9cif de corail intact avec des poissons color\u00e9s innombrables et d'autres animaux marins juste au large de la c\u00f4te.<\/p>\n<\/div>\n<\/div>\n<div class=\"elementor-element elementor-element-bf630e5 elementor-widget elementor-widget-heading\" data-id=\"bf630e5\" data-element_type=\"widget\" data-widget_type=\"heading.default\">\n<div class=\"elementor-widget-container\"><\/div>\n<\/div>\n<\/div>\n<\/div>\n<h3 class=\"activity-overview__content activity-overview__content--certified\" data-test-id=\"activity-overview-content\"><strong>\"Points forts de la tourn\u00e9e\"<\/strong><\/h3>\n<\/section>\n<\/div>\n<ul>\n<li>La plong\u00e9e en apn\u00e9e<\/li>\n<li>La natation<\/li>\n<li>Se d\u00e9tendre\"<\/li>\n<\/ul>","protected":false},"excerpt":{"rendered":"<p>Overview Sharm El Naga\u00a0is the best snorkeling bay. The underwater world is great. The beach is perfect, excellent sun loungers, large umbrellas, there is also a pool and games for children. Join us for an unforgettable snorkeling tour in\u00a0Sharm El Naga. Enjoy an unforgettable day at\u00a0Sharm El Naga Beach. Swim and snorkel and enjoy an [&hellip;]<\/p>","protected":false},"featured_media":5218,"comment_status":"closed","ping_status":"closed","template":"","meta":[],"product_brand":[],"product_cat":[45,43],"product_tag":[65,63,62,76,77],"class_list":{"0":"post-5207","1":"product","2":"type-product","3":"status-publish","4":"has-post-thumbnail","6":"product_cat-daily-trips","7":"product_cat-sea-trips","8":"product_tag-giftun","9":"product_tag-orange","10":"product_tag-orange-bay","11":"product_tag-paradise","12":"product_tag-paradise-island","14":"first","15":"instock","16":"sale","17":"shipping-taxable","18":"purchasable","19":"product-type-ovabrw_car_rental"},"_links":{"self":[{"href":"https:\/\/tierra-tour.com\/fr\/wp-json\/wp\/v2\/product\/5207","targetHints":{"allow":["GET"]}}],"collection":[{"href":"https:\/\/tierra-tour.com\/fr\/wp-json\/wp\/v2\/product"}],"about":[{"href":"https:\/\/tierra-tour.com\/fr\/wp-json\/wp\/v2\/types\/product"}],"replies":[{"embeddable":true,"href":"https:\/\/tierra-tour.com\/fr\/wp-json\/wp\/v2\/comments?post=5207"}],"wp:featuredmedia":[{"embeddable":true,"href":"https:\/\/tierra-tour.com\/fr\/wp-json\/wp\/v2\/media\/5218"}],"wp:attachment":[{"href":"https:\/\/tierra-tour.com\/fr\/wp-json\/wp\/v2\/media?parent=5207"}],"wp:term":[{"taxonomy":"product_brand","embeddable":true,"href":"https:\/\/tierra-tour.com\/fr\/wp-json\/wp\/v2\/product_brand?post=5207"},{"taxonomy":"product_cat","embeddable":true,"href":"https:\/\/tierra-tour.com\/fr\/wp-json\/wp\/v2\/product_cat?post=5207"},{"taxonomy":"product_tag","embeddable":true,"href":"https:\/\/tierra-tour.com\/fr\/wp-json\/wp\/v2\/product_tag?post=5207"}],"curies":[{"name":"wp","href":"https:\/\/api.w.org\/{rel}","templated":true}]}}