{"id":4641,"date":"2022-11-01T22:57:05","date_gmt":"2022-11-01T22:57:05","guid":{"rendered":"https:\/\/pharaohreisen.com\/?post_type=product&#038;p=4641"},"modified":"2025-08-19T23:42:00","modified_gmt":"2025-08-19T23:42:00","slug":"one-day-trip-cairo-from-hurghada","status":"publish","type":"product","link":"https:\/\/tierra-tour.com\/nl\/product\/one-day-trip-cairo-from-hurghada\/","title":{"rendered":"One day trip Cairo from hurghada"},"content":{"rendered":"<h5>[table id=1 \/]<\/h5>\n<h2>Overzicht<\/h2>\n<div data-track=\"overview\" data-v-682f2170=\"\">\n<section id=\"activity-overview\" class=\"activity-overview\" data-component=\"overview\" data-v-316219c4=\"\" data-v-682f2170=\"\">\n<p class=\"activity-overview__content activity-overview__content--certified\" data-test-id=\"activity-overview-content\" data-v-316219c4=\"\">Bezoek Ca\u00efro, de hoofdstad van Egypte, bezoek de piramiden van Gizeh, vaar over de Nijl. U kunt de piramiden van Gizeh, het Egyptisch Museum met de schatten van koning Toetanchamon en de oude bazaar Khan el Khalil in \u00e9\u00e9n dagexcursie per bus of vlucht vanuit Hurghada. Als u meer wilt weten over de grootste Arabische stad, kunt u kiezen voor twee dagen excursies met overnachting in Le M\u00e9ridien Pyramids. Open uw hotelraam en zie de piramiden van Gizeh, de Sfinx. Wilt u langer in Ca\u00efro blijven? Bezoek Memphis, Sakkara, Dahshour, Meidoum, Fayoum, Alexandri\u00eb - wij helpen u met alle tours naar Ca\u00efro vanuit Hurghada.<\/p>\n<\/section>\n<\/div>\n<div data-track=\"key-details\" data-v-682f2170=\"\">\n<div data-track=\"overview\" data-v-682f2170=\"\">\n<section id=\"activity-overview\" class=\"activity-overview\" data-component=\"overview\" data-v-316219c4=\"\" data-v-682f2170=\"\">\n<div data-track=\"overview\" data-v-48163eac=\"\">\n<section id=\"activity-overview\" class=\"activity-overview activity-overview--certified\" data-component=\"overview\" data-v-316219c4=\"\" data-v-48163eac=\"\">\n<p class=\"activity-overview__content activity-overview__content--certified\" data-test-id=\"activity-overview-content\" data-v-316219c4=\"\"><strong>Verken Egyptes hoofdstad tijdens een dagexcursie naar Ca\u00efro en het Gizeh-plateau. Bezoek de Grote Piramiden van Gizeh, bekijk antiquiteiten in het Egyptisch Museum en leer over de geschiedenis van uw lokale gids.<\/strong><\/p>\n<p data-test-id=\"activity-overview-content\" data-v-316219c4=\"\"><strong>Omdat u in Hurghada bent, hoeft u niet te missen op de oude hoogtepunten van Ca\u00efro. Deze bustour brengt u weg van het resortstadje naar de Egyptische hoofdstad voor een dag van sightseeing. Bekijk de piramiden van Gizeh, de Sfinx en duizenden artefacten, zoals de gouden masker van koning Toet, in het Egyptisch Museum. Een smakelijke lunch en tijd in de lokale bazaar zijn ook inbegrepen.<\/strong><\/p>\n<\/section>\n<\/div>\n<\/section>\n<\/div>\n<\/div>\n<div class=\"tour-include\"><\/div>\n<p>Hoogtepunten van de Reis<\/p>\n<ul>\n<li>Eendaagse Cairo-reis vanuit Hurghada<\/li>\n<li>Bezoek toplocaties met een lokale gids<\/li>\n<li>\u00a0De Grote Piramide van Giza<\/li>\n<li>Bezoek aan het Egyptisch Museum<\/li>\n<li>Geniet van een Panoramisch Uitzicht op de 3 Piramiden van Giza<\/li>\n<li>Ophalen en afzetten bij hotels in Hurghada<\/li>\n<li>Inclusief alle entreeheffingen en lunch bij de lokale bazaar<\/li>\n<\/ul>\n<p>&nbsp;<\/p>","protected":false},"excerpt":{"rendered":"<p>[table id=1 \/] Overview Visit Cairo the capital of Egypt, Visit Giza Pyramids, Sail over the Nile. You can Visit the Pyramids of Giza ,the Egyptian Museum with the treasures of the King Tutankhamun and the old bazaar Khan el khalil in One day Excursion by Bus or Flight from Hurghada If you would like [&hellip;]<\/p>","protected":false},"featured_media":4605,"comment_status":"closed","ping_status":"closed","template":"","meta":[],"product_brand":[],"product_cat":[46,45],"product_tag":[56,57,58,59],"class_list":{"0":"post-4641","1":"product","2":"type-product","3":"status-publish","4":"has-post-thumbnail","6":"product_cat-cultural-trips","7":"product_cat-daily-trips","8":"product_tag-cairo","9":"product_tag-cairo-trip","10":"product_tag-pyramids","11":"product_tag-sphinx","13":"first","14":"instock","15":"sale","16":"shipping-taxable","17":"purchasable","18":"product-type-ovabrw_car_rental"},"_links":{"self":[{"href":"https:\/\/tierra-tour.com\/nl\/wp-json\/wp\/v2\/product\/4641","targetHints":{"allow":["GET"]}}],"collection":[{"href":"https:\/\/tierra-tour.com\/nl\/wp-json\/wp\/v2\/product"}],"about":[{"href":"https:\/\/tierra-tour.com\/nl\/wp-json\/wp\/v2\/types\/product"}],"replies":[{"embeddable":true,"href":"https:\/\/tierra-tour.com\/nl\/wp-json\/wp\/v2\/comments?post=4641"}],"wp:featuredmedia":[{"embeddable":true,"href":"https:\/\/tierra-tour.com\/nl\/wp-json\/wp\/v2\/media\/4605"}],"wp:attachment":[{"href":"https:\/\/tierra-tour.com\/nl\/wp-json\/wp\/v2\/media?parent=4641"}],"wp:term":[{"taxonomy":"product_brand","embeddable":true,"href":"https:\/\/tierra-tour.com\/nl\/wp-json\/wp\/v2\/product_brand?post=4641"},{"taxonomy":"product_cat","embeddable":true,"href":"https:\/\/tierra-tour.com\/nl\/wp-json\/wp\/v2\/product_cat?post=4641"},{"taxonomy":"product_tag","embeddable":true,"href":"https:\/\/tierra-tour.com\/nl\/wp-json\/wp\/v2\/product_tag?post=4641"}],"curies":[{"name":"wp","href":"https:\/\/api.w.org\/{rel}","templated":true}]}}