{"id":4670,"date":"2022-11-02T19:59:58","date_gmt":"2022-11-02T19:59:58","guid":{"rendered":"https:\/\/pharaohreisen.com\/?post_type=product&#038;p=4670"},"modified":"2022-12-15T21:23:08","modified_gmt":"2022-12-15T21:23:08","slug":"cairo-flight","status":"publish","type":"product","link":"https:\/\/tierra-tour.com\/nl\/product\/cairo-flight\/","title":{"rendered":"Cairo per vlucht"},"content":{"rendered":"<h2>Overzicht<\/h2>\n<div data-track=\"overview\" data-v-682f2170=\"\">\n<section id=\"activity-overview\" class=\"activity-overview\" data-component=\"overview\" data-v-316219c4=\"\" data-v-682f2170=\"\">\n<p class=\"activity-overview__content activity-overview__content--certified\" data-test-id=\"activity-overview-content\" data-v-316219c4=\"\">Eendaagse excursie naar Cairo vanuit Hurghada per vliegtuig. Bezoek de piramiden van Giza, het Egyptisch museum, met winkelen in Cairo\u2019s beroemde bazaar, Khan El Khalili, allemaal in \u00e9\u00e9n dag met een priv\u00e9gids<\/p>\n<\/section>\n<\/div>\n<div data-track=\"key-details\" data-v-682f2170=\"\">\n<p>Spareer uzelf de 10-uur lange retourreis en reis naar Cairo in stijl\u2014per vliegtuig. Op deze uitgebreide kleine groepstour die perfect is voor eerste bezoekers, controleer de hoogtepunten van het oude Egypte: de piramiden van Giza, de Grote Sfinx, de Vallei Tempel en het Egyptisch Antiquiteitenmuseum. Ontdek vervolgens Oud-Cairo: de Hangende Kerk, de Synagoge van Ben Ezra en de Khan Al-Khalili bazaar. De tour omvat vluchten, lunch en transfers.<\/p>\n<\/div>\n<h3><strong>Hoogtepunten van de Reis<\/strong><\/h3>\n<ul>\n<li>Ophaaltijd vanuit hotel in Hurghada<\/li>\n<li>Bezoek toplocaties met een lokale gids<\/li>\n<li>Aankomst en bezoek aan de Piramiden van Giza<\/li>\n<li>Bezoek aan het Papyrusinstituut<\/li>\n<li>Lunch in het restaurant met uitzicht op de Piramiden<\/li>\n<li>Bezoek aan het Egyptisch Museum<\/li>\n<li>Khan El Khalilli Bazar<\/li>\n<li>Vertrek naar de Luchthaven van Cairo<\/li>\n<li>Ophalen en afzetten bij hotels in Hurghada<\/li>\n<\/ul>","protected":false},"excerpt":{"rendered":"<p>Overview Cairo day Trip from Hurghada by plane. Visit the Giza Pyramids, the Egyptian museum, with shopping at Cairo\u2019s famous bazaar, Khan El Khalili all in one day With A private tour guide Spare yourself the 10-hour round trip and travel to Cairo in style\u2014by plane. On this comprehensive small-group tour that\u2019s perfect for first-time [&hellip;]<\/p>","protected":false},"featured_media":4647,"comment_status":"closed","ping_status":"closed","template":"","meta":[],"product_brand":[],"product_cat":[46,45],"product_tag":[56,61,57],"class_list":{"0":"post-4670","1":"product","2":"type-product","3":"status-publish","4":"has-post-thumbnail","6":"product_cat-cultural-trips","7":"product_cat-daily-trips","8":"product_tag-cairo","9":"product_tag-cairo-flight","10":"product_tag-cairo-trip","12":"first","13":"instock","14":"sale","15":"shipping-taxable","16":"purchasable","17":"product-type-ovabrw_car_rental"},"_links":{"self":[{"href":"https:\/\/tierra-tour.com\/nl\/wp-json\/wp\/v2\/product\/4670","targetHints":{"allow":["GET"]}}],"collection":[{"href":"https:\/\/tierra-tour.com\/nl\/wp-json\/wp\/v2\/product"}],"about":[{"href":"https:\/\/tierra-tour.com\/nl\/wp-json\/wp\/v2\/types\/product"}],"replies":[{"embeddable":true,"href":"https:\/\/tierra-tour.com\/nl\/wp-json\/wp\/v2\/comments?post=4670"}],"wp:featuredmedia":[{"embeddable":true,"href":"https:\/\/tierra-tour.com\/nl\/wp-json\/wp\/v2\/media\/4647"}],"wp:attachment":[{"href":"https:\/\/tierra-tour.com\/nl\/wp-json\/wp\/v2\/media?parent=4670"}],"wp:term":[{"taxonomy":"product_brand","embeddable":true,"href":"https:\/\/tierra-tour.com\/nl\/wp-json\/wp\/v2\/product_brand?post=4670"},{"taxonomy":"product_cat","embeddable":true,"href":"https:\/\/tierra-tour.com\/nl\/wp-json\/wp\/v2\/product_cat?post=4670"},{"taxonomy":"product_tag","embeddable":true,"href":"https:\/\/tierra-tour.com\/nl\/wp-json\/wp\/v2\/product_tag?post=4670"}],"curies":[{"name":"wp","href":"https:\/\/api.w.org\/{rel}","templated":true}]}}